
{"id":1394,"date":"2023-12-27T21:42:39","date_gmt":"2023-12-27T20:42:39","guid":{"rendered":"https:\/\/www.toutsurfroment.fr\/VERSION4\/?page_id=1394"},"modified":"2023-12-27T21:42:40","modified_gmt":"2023-12-27T20:42:40","slug":"atelier-cafe-philo","status":"publish","type":"page","link":"https:\/\/www.toutsurfroment.fr\/VERSION4\/index.php\/atelier-cafe-philo\/","title":{"rendered":"Atelier Caf\u00e9 Philo"},"content":{"rendered":"\n<div class=\"wp-block-columns is-layout-flex wp-container-core-columns-is-layout-9d6595d7 wp-block-columns-is-layout-flex\">\n<div class=\"wp-block-column is-layout-flow wp-block-column-is-layout-flow\" style=\"flex-basis:33.33%\">\n<figure class=\"wp-block-image size-full\"><img loading=\"lazy\" decoding=\"async\" width=\"406\" height=\"438\" src=\"https:\/\/www.toutsurfroment.fr\/VERSION4\/wp-content\/uploads\/2023\/12\/Philo.png\" alt=\"Image caf\u00e9 Philo\" class=\"wp-image-1395\" srcset=\"https:\/\/www.toutsurfroment.fr\/VERSION4\/wp-content\/uploads\/2023\/12\/Philo.png 406w, https:\/\/www.toutsurfroment.fr\/VERSION4\/wp-content\/uploads\/2023\/12\/Philo-278x300.png 278w\" sizes=\"auto, (max-width: 406px) 100vw, 406px\" \/><\/figure>\n<\/div>\n\n\n\n<div class=\"wp-block-column is-layout-flow wp-block-column-is-layout-flow\" style=\"flex-basis:66.66%\">\n<p><strong>Explorer les Grandes Questions de la Vie<\/strong><\/p>\n\n\n\n<p>C&#8217;est en 2023 que le lyc\u00e9e a lanc\u00e9 son &#8220;Atelier Caf\u00e9 Philo&#8221;, une initiative destin\u00e9e \u00e0 stimuler la r\u00e9flexion et le d\u00e9bat parmi nos \u00e9l\u00e8ves. Cet atelier est une opportunit\u00e9 unique pour les jeunes esprits de s&#8217;engager dans des discussions philosophiques profondes, tout en partageant un moment convivial autour d&#8217;une tasse de caf\u00e9.<\/p>\n\n\n\n<p><strong>D\u00e9tails de l&#8217;Atelier :<\/strong><\/p>\n\n\n\n<ul class=\"wp-block-list\">\n<li><strong>Quand ?<\/strong> Un lundi par mois \u00e0 12h <\/li>\n\n\n\n<li><strong>O\u00f9 ?<\/strong> Dans la petite salle qui jouxte le CDI<\/li>\n\n\n\n<li><strong>Pour qui ?<\/strong> Ouvert \u00e0 tous les \u00e9l\u00e8ves du lyc\u00e9e.<\/li>\n\n\n\n<li><strong>Animateur :<\/strong> Mme Leven, professeure de philosophie.<\/li>\n<\/ul>\n\n\n\n<p><strong>Sujets de R\u00e9flexion :<\/strong> Chaque semaine, nous explorerons un nouveau sujet, invitant les \u00e9l\u00e8ves \u00e0 partager leurs pens\u00e9es, questionnements et perspectives. Parmi les th\u00e8mes abord\u00e9s :<\/p>\n\n\n\n<ol class=\"wp-block-list\">\n<li><strong>Peut-on tout pardonner ?<\/strong> Une exploration de la nature du pardon, de ses limites et de son importance dans les relations humaines.<\/li>\n\n\n\n<li><strong>Peut-on vraiment \u00eatre libre ?<\/strong> Un d\u00e9bat sur la notion de libert\u00e9, son existence et ses implications dans notre vie quotidienne.<\/li>\n\n\n\n<li><strong>Peut-on \u00eatre heureux dans un monde malheureux ?<\/strong> Une r\u00e9flexion sur le bonheur, ses d\u00e9fis et sa r\u00e9alisation dans un contexte mondial complexe.<\/li>\n\n\n\n<li><strong>Et bien d&#8217;autres !&#8230;<\/strong><\/li>\n<\/ol>\n\n\n\n<p><strong>Pourquoi Participer ?<\/strong><\/p>\n\n\n\n<ul class=\"wp-block-list\">\n<li><strong>D\u00e9veloppement de la Pens\u00e9e Critique :<\/strong> Renforcez votre capacit\u00e9 \u00e0 analyser, argumenter et r\u00e9fl\u00e9chir de mani\u00e8re critique.<\/li>\n\n\n\n<li><strong>Expression et \u00c9coute :<\/strong> Apprenez \u00e0 exprimer clairement vos id\u00e9es tout en respectant et en \u00e9coutant les points de vue des autres.<\/li>\n\n\n\n<li><strong>Rencontres et Partage :<\/strong> \u00c9changez avec d&#8217;autres \u00e9l\u00e8ves ayant des int\u00e9r\u00eats similaires dans un cadre d\u00e9tendu et stimulant.<\/li>\n<\/ul>\n\n\n\n<p><strong>Comment S&#8217;Inscrire ?<\/strong> Pas d&#8217;inscription ! Poussez la porte, entrez, vous \u00eates les bienvenus !<\/p>\n\n\n\n<p>Nous sommes impatients de vous voir nombreux \u00e0 ces s\u00e9ances de r\u00e9flexion et de discussion enrichissantes. Venez avec vos id\u00e9es, vos questions et votre envie d&#8217;apprendre !<\/p>\n<\/div>\n<\/div>\n","protected":false},"excerpt":{"rendered":"<p>Explorer les Grandes Questions de la Vie C&#8217;est en 2023 que le lyc\u00e9e a lanc\u00e9 son &#8220;Atelier Caf\u00e9 Philo&#8221;, une [&hellip;]<\/p>\n","protected":false},"author":1,"featured_media":0,"parent":0,"menu_order":0,"comment_status":"closed","ping_status":"closed","template":"","meta":{"footnotes":""},"class_list":["post-1394","page","type-page","status-publish","hentry"],"yoast_head":"<!-- This site is optimized with the Yoast SEO plugin v24.5 - https:\/\/yoast.com\/wordpress\/plugins\/seo\/ -->\n<title>Atelier Caf\u00e9 Philo - TSF<\/title>\n<meta name=\"robots\" content=\"index, follow, max-snippet:-1, max-image-preview:large, max-video-preview:-1\" \/>\n<link rel=\"canonical\" href=\"https:\/\/www.toutsurfroment.fr\/VERSION4\/index.php\/atelier-cafe-philo\/\" \/>\n<meta property=\"og:locale\" content=\"fr_FR\" \/>\n<meta property=\"og:type\" content=\"article\" \/>\n<meta property=\"og:title\" content=\"Atelier Caf\u00e9 Philo - TSF\" \/>\n<meta property=\"og:description\" content=\"Explorer les Grandes Questions de la Vie C&#8217;est en 2023 que le lyc\u00e9e a lanc\u00e9 son &#8220;Atelier Caf\u00e9 Philo&#8221;, une [&hellip;]\" \/>\n<meta property=\"og:url\" content=\"https:\/\/www.toutsurfroment.fr\/VERSION4\/index.php\/atelier-cafe-philo\/\" \/>\n<meta property=\"og:site_name\" content=\"TSF\" \/>\n<meta property=\"article:publisher\" content=\"https:\/\/www.facebook.com\/profile.php?id=100087797830804\" \/>\n<meta property=\"article:modified_time\" content=\"2023-12-27T20:42:40+00:00\" \/>\n<meta property=\"og:image\" content=\"https:\/\/www.toutsurfroment.fr\/VERSION4\/wp-content\/uploads\/2023\/12\/Philo.png\" \/>\n<meta name=\"twitter:card\" content=\"summary_large_image\" \/>\n<meta name=\"twitter:label1\" content=\"Dur\u00e9e de lecture estim\u00e9e\" \/>\n\t<meta name=\"twitter:data1\" content=\"2 minutes\" \/>\n<script type=\"application\/ld+json\" class=\"yoast-schema-graph\">{\"@context\":\"https:\/\/schema.org\",\"@graph\":[{\"@type\":\"WebPage\",\"@id\":\"https:\/\/www.toutsurfroment.fr\/VERSION4\/index.php\/atelier-cafe-philo\/\",\"url\":\"https:\/\/www.toutsurfroment.fr\/VERSION4\/index.php\/atelier-cafe-philo\/\",\"name\":\"Atelier Caf\u00e9 Philo - TSF\",\"isPartOf\":{\"@id\":\"https:\/\/www.toutsurfroment.fr\/VERSION4\/#website\"},\"primaryImageOfPage\":{\"@id\":\"https:\/\/www.toutsurfroment.fr\/VERSION4\/index.php\/atelier-cafe-philo\/#primaryimage\"},\"image\":{\"@id\":\"https:\/\/www.toutsurfroment.fr\/VERSION4\/index.php\/atelier-cafe-philo\/#primaryimage\"},\"thumbnailUrl\":\"https:\/\/www.toutsurfroment.fr\/VERSION4\/wp-content\/uploads\/2023\/12\/Philo.png\",\"datePublished\":\"2023-12-27T20:42:39+00:00\",\"dateModified\":\"2023-12-27T20:42:40+00:00\",\"breadcrumb\":{\"@id\":\"https:\/\/www.toutsurfroment.fr\/VERSION4\/index.php\/atelier-cafe-philo\/#breadcrumb\"},\"inLanguage\":\"fr-FR\",\"potentialAction\":[{\"@type\":\"ReadAction\",\"target\":[\"https:\/\/www.toutsurfroment.fr\/VERSION4\/index.php\/atelier-cafe-philo\/\"]}]},{\"@type\":\"ImageObject\",\"inLanguage\":\"fr-FR\",\"@id\":\"https:\/\/www.toutsurfroment.fr\/VERSION4\/index.php\/atelier-cafe-philo\/#primaryimage\",\"url\":\"https:\/\/www.toutsurfroment.fr\/VERSION4\/wp-content\/uploads\/2023\/12\/Philo.png\",\"contentUrl\":\"https:\/\/www.toutsurfroment.fr\/VERSION4\/wp-content\/uploads\/2023\/12\/Philo.png\",\"width\":406,\"height\":438,\"caption\":\"Image caf\u00e9 Philo\"},{\"@type\":\"BreadcrumbList\",\"@id\":\"https:\/\/www.toutsurfroment.fr\/VERSION4\/index.php\/atelier-cafe-philo\/#breadcrumb\",\"itemListElement\":[{\"@type\":\"ListItem\",\"position\":1,\"name\":\"Accueil\",\"item\":\"https:\/\/www.toutsurfroment.fr\/VERSION4\/\"},{\"@type\":\"ListItem\",\"position\":2,\"name\":\"Atelier Caf\u00e9 Philo\"}]},{\"@type\":\"WebSite\",\"@id\":\"https:\/\/www.toutsurfroment.fr\/VERSION4\/#website\",\"url\":\"https:\/\/www.toutsurfroment.fr\/VERSION4\/\",\"name\":\"TSF\",\"description\":\"Les m\u00e9dias du lyc\u00e9e Jules Froment\",\"publisher\":{\"@id\":\"https:\/\/www.toutsurfroment.fr\/VERSION4\/#organization\"},\"potentialAction\":[{\"@type\":\"SearchAction\",\"target\":{\"@type\":\"EntryPoint\",\"urlTemplate\":\"https:\/\/www.toutsurfroment.fr\/VERSION4\/?s={search_term_string}\"},\"query-input\":{\"@type\":\"PropertyValueSpecification\",\"valueRequired\":true,\"valueName\":\"search_term_string\"}}],\"inLanguage\":\"fr-FR\"},{\"@type\":\"Organization\",\"@id\":\"https:\/\/www.toutsurfroment.fr\/VERSION4\/#organization\",\"name\":\"TSF\",\"alternateName\":\"Tout Sur Froment\",\"url\":\"https:\/\/www.toutsurfroment.fr\/VERSION4\/\",\"logo\":{\"@type\":\"ImageObject\",\"inLanguage\":\"fr-FR\",\"@id\":\"https:\/\/www.toutsurfroment.fr\/VERSION4\/#\/schema\/logo\/image\/\",\"url\":\"https:\/\/www.toutsurfroment.fr\/VERSION4\/wp-content\/uploads\/2023\/10\/cropped-TresPetit.jpg\",\"contentUrl\":\"https:\/\/www.toutsurfroment.fr\/VERSION4\/wp-content\/uploads\/2023\/10\/cropped-TresPetit.jpg\",\"width\":60,\"height\":60,\"caption\":\"TSF\"},\"image\":{\"@id\":\"https:\/\/www.toutsurfroment.fr\/VERSION4\/#\/schema\/logo\/image\/\"},\"sameAs\":[\"https:\/\/www.facebook.com\/profile.php?id=100087797830804\"]}]}<\/script>\n<!-- \/ Yoast SEO plugin. -->","yoast_head_json":{"title":"Atelier Caf\u00e9 Philo - TSF","robots":{"index":"index","follow":"follow","max-snippet":"max-snippet:-1","max-image-preview":"max-image-preview:large","max-video-preview":"max-video-preview:-1"},"canonical":"https:\/\/www.toutsurfroment.fr\/VERSION4\/index.php\/atelier-cafe-philo\/","og_locale":"fr_FR","og_type":"article","og_title":"Atelier Caf\u00e9 Philo - TSF","og_description":"Explorer les Grandes Questions de la Vie C&#8217;est en 2023 que le lyc\u00e9e a lanc\u00e9 son &#8220;Atelier Caf\u00e9 Philo&#8221;, une [&hellip;]","og_url":"https:\/\/www.toutsurfroment.fr\/VERSION4\/index.php\/atelier-cafe-philo\/","og_site_name":"TSF","article_publisher":"https:\/\/www.facebook.com\/profile.php?id=100087797830804","article_modified_time":"2023-12-27T20:42:40+00:00","og_image":[{"url":"https:\/\/www.toutsurfroment.fr\/VERSION4\/wp-content\/uploads\/2023\/12\/Philo.png","type":"","width":"","height":""}],"twitter_card":"summary_large_image","twitter_misc":{"Dur\u00e9e de lecture estim\u00e9e":"2 minutes"},"schema":{"@context":"https:\/\/schema.org","@graph":[{"@type":"WebPage","@id":"https:\/\/www.toutsurfroment.fr\/VERSION4\/index.php\/atelier-cafe-philo\/","url":"https:\/\/www.toutsurfroment.fr\/VERSION4\/index.php\/atelier-cafe-philo\/","name":"Atelier Caf\u00e9 Philo - TSF","isPartOf":{"@id":"https:\/\/www.toutsurfroment.fr\/VERSION4\/#website"},"primaryImageOfPage":{"@id":"https:\/\/www.toutsurfroment.fr\/VERSION4\/index.php\/atelier-cafe-philo\/#primaryimage"},"image":{"@id":"https:\/\/www.toutsurfroment.fr\/VERSION4\/index.php\/atelier-cafe-philo\/#primaryimage"},"thumbnailUrl":"https:\/\/www.toutsurfroment.fr\/VERSION4\/wp-content\/uploads\/2023\/12\/Philo.png","datePublished":"2023-12-27T20:42:39+00:00","dateModified":"2023-12-27T20:42:40+00:00","breadcrumb":{"@id":"https:\/\/www.toutsurfroment.fr\/VERSION4\/index.php\/atelier-cafe-philo\/#breadcrumb"},"inLanguage":"fr-FR","potentialAction":[{"@type":"ReadAction","target":["https:\/\/www.toutsurfroment.fr\/VERSION4\/index.php\/atelier-cafe-philo\/"]}]},{"@type":"ImageObject","inLanguage":"fr-FR","@id":"https:\/\/www.toutsurfroment.fr\/VERSION4\/index.php\/atelier-cafe-philo\/#primaryimage","url":"https:\/\/www.toutsurfroment.fr\/VERSION4\/wp-content\/uploads\/2023\/12\/Philo.png","contentUrl":"https:\/\/www.toutsurfroment.fr\/VERSION4\/wp-content\/uploads\/2023\/12\/Philo.png","width":406,"height":438,"caption":"Image caf\u00e9 Philo"},{"@type":"BreadcrumbList","@id":"https:\/\/www.toutsurfroment.fr\/VERSION4\/index.php\/atelier-cafe-philo\/#breadcrumb","itemListElement":[{"@type":"ListItem","position":1,"name":"Accueil","item":"https:\/\/www.toutsurfroment.fr\/VERSION4\/"},{"@type":"ListItem","position":2,"name":"Atelier Caf\u00e9 Philo"}]},{"@type":"WebSite","@id":"https:\/\/www.toutsurfroment.fr\/VERSION4\/#website","url":"https:\/\/www.toutsurfroment.fr\/VERSION4\/","name":"TSF","description":"Les m\u00e9dias du lyc\u00e9e Jules Froment","publisher":{"@id":"https:\/\/www.toutsurfroment.fr\/VERSION4\/#organization"},"potentialAction":[{"@type":"SearchAction","target":{"@type":"EntryPoint","urlTemplate":"https:\/\/www.toutsurfroment.fr\/VERSION4\/?s={search_term_string}"},"query-input":{"@type":"PropertyValueSpecification","valueRequired":true,"valueName":"search_term_string"}}],"inLanguage":"fr-FR"},{"@type":"Organization","@id":"https:\/\/www.toutsurfroment.fr\/VERSION4\/#organization","name":"TSF","alternateName":"Tout Sur Froment","url":"https:\/\/www.toutsurfroment.fr\/VERSION4\/","logo":{"@type":"ImageObject","inLanguage":"fr-FR","@id":"https:\/\/www.toutsurfroment.fr\/VERSION4\/#\/schema\/logo\/image\/","url":"https:\/\/www.toutsurfroment.fr\/VERSION4\/wp-content\/uploads\/2023\/10\/cropped-TresPetit.jpg","contentUrl":"https:\/\/www.toutsurfroment.fr\/VERSION4\/wp-content\/uploads\/2023\/10\/cropped-TresPetit.jpg","width":60,"height":60,"caption":"TSF"},"image":{"@id":"https:\/\/www.toutsurfroment.fr\/VERSION4\/#\/schema\/logo\/image\/"},"sameAs":["https:\/\/www.facebook.com\/profile.php?id=100087797830804"]}]}},"_links":{"self":[{"href":"https:\/\/www.toutsurfroment.fr\/VERSION4\/index.php\/wp-json\/wp\/v2\/pages\/1394","targetHints":{"allow":["GET"]}}],"collection":[{"href":"https:\/\/www.toutsurfroment.fr\/VERSION4\/index.php\/wp-json\/wp\/v2\/pages"}],"about":[{"href":"https:\/\/www.toutsurfroment.fr\/VERSION4\/index.php\/wp-json\/wp\/v2\/types\/page"}],"author":[{"embeddable":true,"href":"https:\/\/www.toutsurfroment.fr\/VERSION4\/index.php\/wp-json\/wp\/v2\/users\/1"}],"replies":[{"embeddable":true,"href":"https:\/\/www.toutsurfroment.fr\/VERSION4\/index.php\/wp-json\/wp\/v2\/comments?post=1394"}],"version-history":[{"count":1,"href":"https:\/\/www.toutsurfroment.fr\/VERSION4\/index.php\/wp-json\/wp\/v2\/pages\/1394\/revisions"}],"predecessor-version":[{"id":1396,"href":"https:\/\/www.toutsurfroment.fr\/VERSION4\/index.php\/wp-json\/wp\/v2\/pages\/1394\/revisions\/1396"}],"wp:attachment":[{"href":"https:\/\/www.toutsurfroment.fr\/VERSION4\/index.php\/wp-json\/wp\/v2\/media?parent=1394"}],"curies":[{"name":"wp","href":"https:\/\/api.w.org\/{rel}","templated":true}]}}