
{"id":1397,"date":"2023-12-27T22:36:09","date_gmt":"2023-12-27T21:36:09","guid":{"rendered":"https:\/\/www.toutsurfroment.fr\/VERSION4\/?page_id=1397"},"modified":"2023-12-27T22:36:10","modified_gmt":"2023-12-27T21:36:10","slug":"atelier-eloquence","status":"publish","type":"page","link":"https:\/\/www.toutsurfroment.fr\/VERSION4\/index.php\/atelier-eloquence\/","title":{"rendered":"Atelier \u00e9loquence"},"content":{"rendered":"\n<div class=\"wp-block-columns is-layout-flex wp-container-core-columns-is-layout-9d6595d7 wp-block-columns-is-layout-flex\">\n<div class=\"wp-block-column is-layout-flow wp-block-column-is-layout-flow\" style=\"flex-basis:33.33%\">\n<figure class=\"wp-block-image size-full\"><img loading=\"lazy\" decoding=\"async\" width=\"397\" height=\"434\" src=\"https:\/\/www.toutsurfroment.fr\/VERSION4\/wp-content\/uploads\/2023\/12\/Eloquence.png\" alt=\"\" class=\"wp-image-1398\" srcset=\"https:\/\/www.toutsurfroment.fr\/VERSION4\/wp-content\/uploads\/2023\/12\/Eloquence.png 397w, https:\/\/www.toutsurfroment.fr\/VERSION4\/wp-content\/uploads\/2023\/12\/Eloquence-274x300.png 274w\" sizes=\"auto, (max-width: 397px) 100vw, 397px\" \/><\/figure>\n<\/div>\n\n\n\n<div class=\"wp-block-column is-layout-flow wp-block-column-is-layout-flow\" style=\"flex-basis:66.66%\">\n<p><strong>Exprimez vous librement devant un public !<\/strong><\/p>\n\n\n\n<p><em>Le Lyc\u00e9e Jules Froment est heureux de pr\u00e9senter son atelier d&#8217;\u00e9loquence, une plateforme unique o\u00f9 la parole est donn\u00e9e aux \u00e9l\u00e8ves pour s&#8217;exprimer librement, sans contrainte de sujet. C&#8217;est un espace o\u00f9 les voix des \u00e9l\u00e8ves prennent vie, o\u00f9 leurs passions, leurs rires, leurs r\u00e9flexions et leurs \u00e9motions r\u00e9sonnent avec force.<\/em><\/p>\n\n\n\n<p><strong>Libert\u00e9 et Diversit\u00e9 des Discours :<\/strong><\/p>\n\n\n\n<ul class=\"wp-block-list\">\n<li><strong>Pas de Sujet Impos\u00e9 :<\/strong> Chez nous, les \u00e9l\u00e8ves sont libres de choisir ce dont ils veulent parler. Cela peut aller des histoires personnelles aux grands enjeux mondiaux, en passant par des r\u00e9cits humoristiques ou des sujets profond\u00e9ment touchants.<\/li>\n\n\n\n<li><strong>Une Expression Authentique :<\/strong> Les \u00e9l\u00e8ves partagent leurs joies, leurs craintes, leurs espoirs, cr\u00e9ant ainsi des moments d&#8217;une puissance \u00e9motionnelle rare.<\/li>\n<\/ul>\n\n\n\n<p><strong>Pourquoi Participer \u00e0 l&#8217;Atelier \u00c9loquence ?<\/strong><\/p>\n\n\n\n<ul class=\"wp-block-list\">\n<li><strong>D\u00e9veloppement Personnel :<\/strong> Am\u00e9liorez vos comp\u00e9tences en communication, gagnez en confiance et en capacit\u00e9 \u00e0 exprimer vos id\u00e9es clairement.<\/li>\n\n\n\n<li><strong>Impact et R\u00e9sonance :<\/strong> Apprenez \u00e0 toucher votre audience, \u00e0 transmettre des \u00e9motions et \u00e0 provoquer la r\u00e9flexion.<\/li>\n\n\n\n<li><strong>\u00c9coute et Respect :<\/strong> B\u00e9n\u00e9ficiez d&#8217;un environnement bienveillant o\u00f9 chaque voix est \u00e9cout\u00e9e et valoris\u00e9e.<\/li>\n<\/ul>\n\n\n\n<p><strong>L&#8217;Apog\u00e9e de l&#8217;Ann\u00e9e : La Grande Repr\u00e9sentation<\/strong> En fin d&#8217;ann\u00e9e, une repr\u00e9sentation exceptionnelle a lieu dans l&#8217;amphith\u00e9\u00e2tre du lyc\u00e9e, devant plus de deux cents personnes. Dans un silence recueilli, les \u00e9l\u00e8ves montent sur sc\u00e8ne pour d\u00e9livrer leurs discours, d\u00e9montrant l&#8217;\u00e9tendue de leur talent et de leur progression. C&#8217;est un moment de fiert\u00e9, de c\u00e9l\u00e9bration et d&#8217;\u00e9motion intense pour tous les participants.<\/p>\n<\/div>\n<\/div>\n","protected":false},"excerpt":{"rendered":"<p>Exprimez vous librement devant un public ! Le Lyc\u00e9e Jules Froment est heureux de pr\u00e9senter son atelier d&#8217;\u00e9loquence, une plateforme [&hellip;]<\/p>\n","protected":false},"author":1,"featured_media":0,"parent":0,"menu_order":0,"comment_status":"closed","ping_status":"closed","template":"","meta":{"footnotes":""},"class_list":["post-1397","page","type-page","status-publish","hentry"],"yoast_head":"<!-- This site is optimized with the Yoast SEO plugin v24.5 - https:\/\/yoast.com\/wordpress\/plugins\/seo\/ -->\n<title>Atelier \u00e9loquence - TSF<\/title>\n<meta name=\"robots\" content=\"index, follow, max-snippet:-1, max-image-preview:large, max-video-preview:-1\" \/>\n<link rel=\"canonical\" href=\"https:\/\/www.toutsurfroment.fr\/VERSION4\/index.php\/atelier-eloquence\/\" \/>\n<meta property=\"og:locale\" content=\"fr_FR\" \/>\n<meta property=\"og:type\" content=\"article\" \/>\n<meta property=\"og:title\" content=\"Atelier \u00e9loquence - TSF\" \/>\n<meta property=\"og:description\" content=\"Exprimez vous librement devant un public ! Le Lyc\u00e9e Jules Froment est heureux de pr\u00e9senter son atelier d&#8217;\u00e9loquence, une plateforme [&hellip;]\" \/>\n<meta property=\"og:url\" content=\"https:\/\/www.toutsurfroment.fr\/VERSION4\/index.php\/atelier-eloquence\/\" \/>\n<meta property=\"og:site_name\" content=\"TSF\" \/>\n<meta property=\"article:publisher\" content=\"https:\/\/www.facebook.com\/profile.php?id=100087797830804\" \/>\n<meta property=\"article:modified_time\" content=\"2023-12-27T21:36:10+00:00\" \/>\n<meta property=\"og:image\" content=\"https:\/\/www.toutsurfroment.fr\/VERSION4\/wp-content\/uploads\/2023\/12\/Eloquence.png\" \/>\n<meta name=\"twitter:card\" content=\"summary_large_image\" \/>\n<meta name=\"twitter:label1\" content=\"Dur\u00e9e de lecture estim\u00e9e\" \/>\n\t<meta name=\"twitter:data1\" content=\"2 minutes\" \/>\n<script type=\"application\/ld+json\" class=\"yoast-schema-graph\">{\"@context\":\"https:\/\/schema.org\",\"@graph\":[{\"@type\":\"WebPage\",\"@id\":\"https:\/\/www.toutsurfroment.fr\/VERSION4\/index.php\/atelier-eloquence\/\",\"url\":\"https:\/\/www.toutsurfroment.fr\/VERSION4\/index.php\/atelier-eloquence\/\",\"name\":\"Atelier \u00e9loquence - TSF\",\"isPartOf\":{\"@id\":\"https:\/\/www.toutsurfroment.fr\/VERSION4\/#website\"},\"primaryImageOfPage\":{\"@id\":\"https:\/\/www.toutsurfroment.fr\/VERSION4\/index.php\/atelier-eloquence\/#primaryimage\"},\"image\":{\"@id\":\"https:\/\/www.toutsurfroment.fr\/VERSION4\/index.php\/atelier-eloquence\/#primaryimage\"},\"thumbnailUrl\":\"https:\/\/www.toutsurfroment.fr\/VERSION4\/wp-content\/uploads\/2023\/12\/Eloquence.png\",\"datePublished\":\"2023-12-27T21:36:09+00:00\",\"dateModified\":\"2023-12-27T21:36:10+00:00\",\"breadcrumb\":{\"@id\":\"https:\/\/www.toutsurfroment.fr\/VERSION4\/index.php\/atelier-eloquence\/#breadcrumb\"},\"inLanguage\":\"fr-FR\",\"potentialAction\":[{\"@type\":\"ReadAction\",\"target\":[\"https:\/\/www.toutsurfroment.fr\/VERSION4\/index.php\/atelier-eloquence\/\"]}]},{\"@type\":\"ImageObject\",\"inLanguage\":\"fr-FR\",\"@id\":\"https:\/\/www.toutsurfroment.fr\/VERSION4\/index.php\/atelier-eloquence\/#primaryimage\",\"url\":\"https:\/\/www.toutsurfroment.fr\/VERSION4\/wp-content\/uploads\/2023\/12\/Eloquence.png\",\"contentUrl\":\"https:\/\/www.toutsurfroment.fr\/VERSION4\/wp-content\/uploads\/2023\/12\/Eloquence.png\",\"width\":397,\"height\":434},{\"@type\":\"BreadcrumbList\",\"@id\":\"https:\/\/www.toutsurfroment.fr\/VERSION4\/index.php\/atelier-eloquence\/#breadcrumb\",\"itemListElement\":[{\"@type\":\"ListItem\",\"position\":1,\"name\":\"Accueil\",\"item\":\"https:\/\/www.toutsurfroment.fr\/VERSION4\/\"},{\"@type\":\"ListItem\",\"position\":2,\"name\":\"Atelier \u00e9loquence\"}]},{\"@type\":\"WebSite\",\"@id\":\"https:\/\/www.toutsurfroment.fr\/VERSION4\/#website\",\"url\":\"https:\/\/www.toutsurfroment.fr\/VERSION4\/\",\"name\":\"TSF\",\"description\":\"Les m\u00e9dias du lyc\u00e9e Jules Froment\",\"publisher\":{\"@id\":\"https:\/\/www.toutsurfroment.fr\/VERSION4\/#organization\"},\"potentialAction\":[{\"@type\":\"SearchAction\",\"target\":{\"@type\":\"EntryPoint\",\"urlTemplate\":\"https:\/\/www.toutsurfroment.fr\/VERSION4\/?s={search_term_string}\"},\"query-input\":{\"@type\":\"PropertyValueSpecification\",\"valueRequired\":true,\"valueName\":\"search_term_string\"}}],\"inLanguage\":\"fr-FR\"},{\"@type\":\"Organization\",\"@id\":\"https:\/\/www.toutsurfroment.fr\/VERSION4\/#organization\",\"name\":\"TSF\",\"alternateName\":\"Tout Sur Froment\",\"url\":\"https:\/\/www.toutsurfroment.fr\/VERSION4\/\",\"logo\":{\"@type\":\"ImageObject\",\"inLanguage\":\"fr-FR\",\"@id\":\"https:\/\/www.toutsurfroment.fr\/VERSION4\/#\/schema\/logo\/image\/\",\"url\":\"https:\/\/www.toutsurfroment.fr\/VERSION4\/wp-content\/uploads\/2023\/10\/cropped-TresPetit.jpg\",\"contentUrl\":\"https:\/\/www.toutsurfroment.fr\/VERSION4\/wp-content\/uploads\/2023\/10\/cropped-TresPetit.jpg\",\"width\":60,\"height\":60,\"caption\":\"TSF\"},\"image\":{\"@id\":\"https:\/\/www.toutsurfroment.fr\/VERSION4\/#\/schema\/logo\/image\/\"},\"sameAs\":[\"https:\/\/www.facebook.com\/profile.php?id=100087797830804\"]}]}<\/script>\n<!-- \/ Yoast SEO plugin. -->","yoast_head_json":{"title":"Atelier \u00e9loquence - TSF","robots":{"index":"index","follow":"follow","max-snippet":"max-snippet:-1","max-image-preview":"max-image-preview:large","max-video-preview":"max-video-preview:-1"},"canonical":"https:\/\/www.toutsurfroment.fr\/VERSION4\/index.php\/atelier-eloquence\/","og_locale":"fr_FR","og_type":"article","og_title":"Atelier \u00e9loquence - TSF","og_description":"Exprimez vous librement devant un public ! Le Lyc\u00e9e Jules Froment est heureux de pr\u00e9senter son atelier d&#8217;\u00e9loquence, une plateforme [&hellip;]","og_url":"https:\/\/www.toutsurfroment.fr\/VERSION4\/index.php\/atelier-eloquence\/","og_site_name":"TSF","article_publisher":"https:\/\/www.facebook.com\/profile.php?id=100087797830804","article_modified_time":"2023-12-27T21:36:10+00:00","og_image":[{"url":"https:\/\/www.toutsurfroment.fr\/VERSION4\/wp-content\/uploads\/2023\/12\/Eloquence.png","type":"","width":"","height":""}],"twitter_card":"summary_large_image","twitter_misc":{"Dur\u00e9e de lecture estim\u00e9e":"2 minutes"},"schema":{"@context":"https:\/\/schema.org","@graph":[{"@type":"WebPage","@id":"https:\/\/www.toutsurfroment.fr\/VERSION4\/index.php\/atelier-eloquence\/","url":"https:\/\/www.toutsurfroment.fr\/VERSION4\/index.php\/atelier-eloquence\/","name":"Atelier \u00e9loquence - TSF","isPartOf":{"@id":"https:\/\/www.toutsurfroment.fr\/VERSION4\/#website"},"primaryImageOfPage":{"@id":"https:\/\/www.toutsurfroment.fr\/VERSION4\/index.php\/atelier-eloquence\/#primaryimage"},"image":{"@id":"https:\/\/www.toutsurfroment.fr\/VERSION4\/index.php\/atelier-eloquence\/#primaryimage"},"thumbnailUrl":"https:\/\/www.toutsurfroment.fr\/VERSION4\/wp-content\/uploads\/2023\/12\/Eloquence.png","datePublished":"2023-12-27T21:36:09+00:00","dateModified":"2023-12-27T21:36:10+00:00","breadcrumb":{"@id":"https:\/\/www.toutsurfroment.fr\/VERSION4\/index.php\/atelier-eloquence\/#breadcrumb"},"inLanguage":"fr-FR","potentialAction":[{"@type":"ReadAction","target":["https:\/\/www.toutsurfroment.fr\/VERSION4\/index.php\/atelier-eloquence\/"]}]},{"@type":"ImageObject","inLanguage":"fr-FR","@id":"https:\/\/www.toutsurfroment.fr\/VERSION4\/index.php\/atelier-eloquence\/#primaryimage","url":"https:\/\/www.toutsurfroment.fr\/VERSION4\/wp-content\/uploads\/2023\/12\/Eloquence.png","contentUrl":"https:\/\/www.toutsurfroment.fr\/VERSION4\/wp-content\/uploads\/2023\/12\/Eloquence.png","width":397,"height":434},{"@type":"BreadcrumbList","@id":"https:\/\/www.toutsurfroment.fr\/VERSION4\/index.php\/atelier-eloquence\/#breadcrumb","itemListElement":[{"@type":"ListItem","position":1,"name":"Accueil","item":"https:\/\/www.toutsurfroment.fr\/VERSION4\/"},{"@type":"ListItem","position":2,"name":"Atelier \u00e9loquence"}]},{"@type":"WebSite","@id":"https:\/\/www.toutsurfroment.fr\/VERSION4\/#website","url":"https:\/\/www.toutsurfroment.fr\/VERSION4\/","name":"TSF","description":"Les m\u00e9dias du lyc\u00e9e Jules Froment","publisher":{"@id":"https:\/\/www.toutsurfroment.fr\/VERSION4\/#organization"},"potentialAction":[{"@type":"SearchAction","target":{"@type":"EntryPoint","urlTemplate":"https:\/\/www.toutsurfroment.fr\/VERSION4\/?s={search_term_string}"},"query-input":{"@type":"PropertyValueSpecification","valueRequired":true,"valueName":"search_term_string"}}],"inLanguage":"fr-FR"},{"@type":"Organization","@id":"https:\/\/www.toutsurfroment.fr\/VERSION4\/#organization","name":"TSF","alternateName":"Tout Sur Froment","url":"https:\/\/www.toutsurfroment.fr\/VERSION4\/","logo":{"@type":"ImageObject","inLanguage":"fr-FR","@id":"https:\/\/www.toutsurfroment.fr\/VERSION4\/#\/schema\/logo\/image\/","url":"https:\/\/www.toutsurfroment.fr\/VERSION4\/wp-content\/uploads\/2023\/10\/cropped-TresPetit.jpg","contentUrl":"https:\/\/www.toutsurfroment.fr\/VERSION4\/wp-content\/uploads\/2023\/10\/cropped-TresPetit.jpg","width":60,"height":60,"caption":"TSF"},"image":{"@id":"https:\/\/www.toutsurfroment.fr\/VERSION4\/#\/schema\/logo\/image\/"},"sameAs":["https:\/\/www.facebook.com\/profile.php?id=100087797830804"]}]}},"_links":{"self":[{"href":"https:\/\/www.toutsurfroment.fr\/VERSION4\/index.php\/wp-json\/wp\/v2\/pages\/1397","targetHints":{"allow":["GET"]}}],"collection":[{"href":"https:\/\/www.toutsurfroment.fr\/VERSION4\/index.php\/wp-json\/wp\/v2\/pages"}],"about":[{"href":"https:\/\/www.toutsurfroment.fr\/VERSION4\/index.php\/wp-json\/wp\/v2\/types\/page"}],"author":[{"embeddable":true,"href":"https:\/\/www.toutsurfroment.fr\/VERSION4\/index.php\/wp-json\/wp\/v2\/users\/1"}],"replies":[{"embeddable":true,"href":"https:\/\/www.toutsurfroment.fr\/VERSION4\/index.php\/wp-json\/wp\/v2\/comments?post=1397"}],"version-history":[{"count":1,"href":"https:\/\/www.toutsurfroment.fr\/VERSION4\/index.php\/wp-json\/wp\/v2\/pages\/1397\/revisions"}],"predecessor-version":[{"id":1399,"href":"https:\/\/www.toutsurfroment.fr\/VERSION4\/index.php\/wp-json\/wp\/v2\/pages\/1397\/revisions\/1399"}],"wp:attachment":[{"href":"https:\/\/www.toutsurfroment.fr\/VERSION4\/index.php\/wp-json\/wp\/v2\/media?parent=1397"}],"curies":[{"name":"wp","href":"https:\/\/api.w.org\/{rel}","templated":true}]}}