
{"id":942,"date":"2023-10-31T16:17:31","date_gmt":"2023-10-31T15:17:31","guid":{"rendered":"https:\/\/www.toutsurfroment.fr\/VERSION4\/?page_id=942"},"modified":"2023-12-19T18:06:08","modified_gmt":"2023-12-19T17:06:08","slug":"radio","status":"publish","type":"page","link":"https:\/\/www.toutsurfroment.fr\/VERSION4\/index.php\/radio\/","title":{"rendered":"Radio"},"content":{"rendered":"<div id=\"pl-gb942-6a031a8f369be\"  class=\"panel-layout\" ><div id=\"pg-gb942-6a031a8f369be-0\"  class=\"panel-grid panel-no-style\" ><div id=\"pgc-gb942-6a031a8f369be-0-0\"  class=\"panel-grid-cell\" ><div id=\"panel-gb942-6a031a8f369be-0-0-0\" class=\"so-panel widget widget_sow-image panel-first-child panel-last-child\" data-index=\"0\" ><div\n\t\t\t\n\t\t\tclass=\"so-widget-sow-image so-widget-sow-image-default-8b5b6f678277-942\"\n\t\t\t\n\t\t>\n<div class=\"sow-image-container\">\n\t\t<img loading=\"lazy\" decoding=\"async\" src=\"https:\/\/www.toutsurfroment.fr\/VERSION4\/wp-content\/uploads\/2023\/10\/image_2023-10-31_160700038.png\" width=\"315\" height=\"274\" srcset=\"https:\/\/www.toutsurfroment.fr\/VERSION4\/wp-content\/uploads\/2023\/10\/image_2023-10-31_160700038.png 315w, https:\/\/www.toutsurfroment.fr\/VERSION4\/wp-content\/uploads\/2023\/10\/image_2023-10-31_160700038-300x261.png 300w\" sizes=\"auto, (max-width: 315px) 100vw, 315px\" alt=\"\" \t\tclass=\"so-widget-image\"\/>\n\t<\/div>\n\n<\/div><\/div><\/div><div id=\"pgc-gb942-6a031a8f369be-0-1\"  class=\"panel-grid-cell\" ><div id=\"panel-gb942-6a031a8f369be-0-1-0\" class=\"so-panel widget widget_sow-editor panel-first-child panel-last-child\" data-index=\"1\" ><div\n\t\t\t\n\t\t\tclass=\"so-widget-sow-editor so-widget-sow-editor-base\"\n\t\t\t\n\t\t>\n<div class=\"siteorigin-widget-tinymce textwidget\">\n\t<p>La radio web du lyc\u00e9e ! Tout ce qui fait l&#8217;objet d&#8217;un enregistrement sonore pourra trouver se place ici. Pourquoi pas&#8230;<\/p>\n<ul>\n<li>Une \u00e9mission radio,<\/li>\n<li>une critique de livre, de film, etc.<\/li>\n<li>une interview,<\/li>\n<li>Une nouvelle, un conte, un po\u00e8me lu,<\/li>\n<li>un plaidoyer \u00e9loquent,<\/li>\n<li>une chanson, de la musique compos\u00e9e ou jou\u00e9e par un de nos \u00e9l\u00e8ves,<\/li>\n<li>&#8230;<\/li>\n<\/ul>\n<\/div>\n<\/div><\/div><\/div><\/div><\/div>\n\n<style>.wp-show-posts-columns#wpsp-1236 {margin-left: -2em; }.wp-show-posts-columns#wpsp-1236 .wp-show-posts-inner {margin: 0 0 2em 2em; }<\/style><section id=\"wpsp-1236\" class=\" wp-show-posts-columns wp-show-posts\" style=\"\"><article class=\" wp-show-posts-single post-2074 post type-post status-publish format-standard has-post-thumbnail hentry category-a-la-une category-audio category-non-classe category-video wpsp-col-4\" itemtype=\"http:\/\/schema.org\/CreativeWork\" itemscope><div class=\"wp-show-posts-inner\" style=\"\">\t\t\t\t\t\t<header class=\"wp-show-posts-entry-header\">\n\t\t\t\t\t\t\t<h2 class=\"wp-show-posts-entry-title\" itemprop=\"headline\"><a href=\"https:\/\/www.toutsurfroment.fr\/VERSION4\/index.php\/2025\/04\/22\/dictee-et-eloquence-du-rotary-a-froment\/\" rel=\"bookmark\">Dict\u00e9e et Eloquence du Rotary \u00e0 Froment<\/a><\/h2><div class=\"wp-show-posts-entry-meta wp-show-posts-entry-meta-below-title post-meta-inline\"><span class=\"wp-show-posts-posted-on wp-show-posts-meta\">\n\t\t\t\t\t<a href=\"https:\/\/www.toutsurfroment.fr\/VERSION4\/index.php\/2025\/04\/22\/dictee-et-eloquence-du-rotary-a-froment\/\" title=\"23h03\" rel=\"bookmark\"><time class=\"wp-show-posts-entry-date published\" datetime=\"2025-04-22T23:03:26+02:00\" itemprop=\"datePublished\">22 avril 2025<\/time><time class=\"wp-show-posts-updated\" datetime=\"2025-04-22T23:37:33+02:00\" itemprop=\"dateModified\">22 avril 2025<\/time><\/a>\n\t\t\t\t<\/span><\/div>\t\t\t\t\t\t<\/header><!-- .entry-header -->\n\t\t\t\t\t\t\t<div class=\"wp-show-posts-image  wpsp-image-center \">\n\t\t\t<a href=\"https:\/\/www.toutsurfroment.fr\/VERSION4\/index.php\/2025\/04\/22\/dictee-et-eloquence-du-rotary-a-froment\/\"  title=\"Dict\u00e9e et Eloquence du Rotary \u00e0 Froment\"><img loading=\"lazy\" decoding=\"async\" width=\"960\" height=\"640\" src=\"https:\/\/www.toutsurfroment.fr\/VERSION4\/wp-content\/uploads\/2025\/04\/Rotary.png\" class=\"attachment-full size-full wp-post-image\" alt=\"\" itemprop=\"image\" srcset=\"https:\/\/www.toutsurfroment.fr\/VERSION4\/wp-content\/uploads\/2025\/04\/Rotary.png 960w, https:\/\/www.toutsurfroment.fr\/VERSION4\/wp-content\/uploads\/2025\/04\/Rotary-300x200.png 300w, https:\/\/www.toutsurfroment.fr\/VERSION4\/wp-content\/uploads\/2025\/04\/Rotary-768x512.png 768w, https:\/\/www.toutsurfroment.fr\/VERSION4\/wp-content\/uploads\/2025\/04\/Rotary-272x182.png 272w\" sizes=\"auto, (max-width: 960px) 100vw, 960px\" \/><\/a>\t\t<\/div>\n\t\t\t\t\t\t\t\t<div class=\"wp-show-posts-entry-summary\" itemprop=\"text\">\n\t\t\t\t\t\t\t<p>Samedi 12 avril 2024 : Dict\u00e9e du Rotary et Eloquence dans notre lyc\u00e9e<\/p>\n\t\t\t\t\t\t<\/div><!-- .entry-summary -->\n\t\t\t\t\t<\/div><!-- wp-show-posts-inner --><\/article><article class=\" wp-show-posts-single post-2029 post type-post status-publish format-standard has-post-thumbnail hentry category-a-la-une category-audio category-radio wpsp-col-4\" itemtype=\"http:\/\/schema.org\/CreativeWork\" itemscope><div class=\"wp-show-posts-inner\" style=\"\">\t\t\t\t\t\t<header class=\"wp-show-posts-entry-header\">\n\t\t\t\t\t\t\t<h2 class=\"wp-show-posts-entry-title\" itemprop=\"headline\"><a href=\"https:\/\/www.toutsurfroment.fr\/VERSION4\/index.php\/2025\/04\/06\/lire-et-chanter\/\" rel=\"bookmark\">Lire et chanter<\/a><\/h2><div class=\"wp-show-posts-entry-meta wp-show-posts-entry-meta-below-title post-meta-inline\"><span class=\"wp-show-posts-posted-on wp-show-posts-meta\">\n\t\t\t\t\t<a href=\"https:\/\/www.toutsurfroment.fr\/VERSION4\/index.php\/2025\/04\/06\/lire-et-chanter\/\" title=\"18h01\" rel=\"bookmark\"><time class=\"wp-show-posts-entry-date published\" datetime=\"2025-04-06T18:01:54+02:00\" itemprop=\"datePublished\">6 avril 2025<\/time><time class=\"wp-show-posts-updated\" datetime=\"2025-04-06T18:01:58+02:00\" itemprop=\"dateModified\">6 avril 2025<\/time><\/a>\n\t\t\t\t<\/span><\/div>\t\t\t\t\t\t<\/header><!-- .entry-header -->\n\t\t\t\t\t\t\t<div class=\"wp-show-posts-image  wpsp-image-center \">\n\t\t\t<a href=\"https:\/\/www.toutsurfroment.fr\/VERSION4\/index.php\/2025\/04\/06\/lire-et-chanter\/\"  title=\"Lire et chanter\"><img loading=\"lazy\" decoding=\"async\" width=\"960\" height=\"640\" src=\"https:\/\/www.toutsurfroment.fr\/VERSION4\/wp-content\/uploads\/2025\/04\/CADRE-TSF.png\" class=\"attachment-full size-full wp-post-image\" alt=\"\" itemprop=\"image\" srcset=\"https:\/\/www.toutsurfroment.fr\/VERSION4\/wp-content\/uploads\/2025\/04\/CADRE-TSF.png 960w, https:\/\/www.toutsurfroment.fr\/VERSION4\/wp-content\/uploads\/2025\/04\/CADRE-TSF-300x200.png 300w, https:\/\/www.toutsurfroment.fr\/VERSION4\/wp-content\/uploads\/2025\/04\/CADRE-TSF-768x512.png 768w, https:\/\/www.toutsurfroment.fr\/VERSION4\/wp-content\/uploads\/2025\/04\/CADRE-TSF-272x182.png 272w\" sizes=\"auto, (max-width: 960px) 100vw, 960px\" \/><\/a>\t\t<\/div>\n\t\t\t\t\t\t\t\t<div class=\"wp-show-posts-entry-summary\" itemprop=\"text\">\n\t\t\t\t\t\t\t<p>Les secondes 1 vous proposent du son et des images !<\/p>\n\t\t\t\t\t\t<\/div><!-- .entry-summary -->\n\t\t\t\t\t<\/div><!-- wp-show-posts-inner --><\/article><article class=\" wp-show-posts-single post-1587 post type-post status-publish format-standard has-post-thumbnail hentry category-audio category-non-classe wpsp-col-4\" itemtype=\"http:\/\/schema.org\/CreativeWork\" itemscope><div class=\"wp-show-posts-inner\" style=\"\">\t\t\t\t\t\t<header class=\"wp-show-posts-entry-header\">\n\t\t\t\t\t\t\t<h2 class=\"wp-show-posts-entry-title\" itemprop=\"headline\"><a href=\"https:\/\/www.toutsurfroment.fr\/VERSION4\/index.php\/2024\/01\/30\/lucas-wilkosv-joue-haendel\/\" rel=\"bookmark\">Lucas Wilkosv joue Haendel<\/a><\/h2><div class=\"wp-show-posts-entry-meta wp-show-posts-entry-meta-below-title post-meta-inline\"><span class=\"wp-show-posts-posted-on wp-show-posts-meta\">\n\t\t\t\t\t<a href=\"https:\/\/www.toutsurfroment.fr\/VERSION4\/index.php\/2024\/01\/30\/lucas-wilkosv-joue-haendel\/\" title=\"20h38\" rel=\"bookmark\"><time class=\"wp-show-posts-entry-date published\" datetime=\"2024-01-30T20:38:46+01:00\" itemprop=\"datePublished\">30 janvier 2024<\/time><time class=\"wp-show-posts-updated\" datetime=\"2024-01-30T20:54:38+01:00\" itemprop=\"dateModified\">30 janvier 2024<\/time><\/a>\n\t\t\t\t<\/span><\/div>\t\t\t\t\t\t<\/header><!-- .entry-header -->\n\t\t\t\t\t\t\t<div class=\"wp-show-posts-image  wpsp-image-center \">\n\t\t\t<a href=\"https:\/\/www.toutsurfroment.fr\/VERSION4\/index.php\/2024\/01\/30\/lucas-wilkosv-joue-haendel\/\"  title=\"Lucas Wilkosv joue Haendel\"><img loading=\"lazy\" decoding=\"async\" width=\"960\" height=\"640\" src=\"https:\/\/www.toutsurfroment.fr\/VERSION4\/wp-content\/uploads\/2024\/01\/Haendel-1.png\" class=\"attachment-full size-full wp-post-image\" alt=\"\" itemprop=\"image\" srcset=\"https:\/\/www.toutsurfroment.fr\/VERSION4\/wp-content\/uploads\/2024\/01\/Haendel-1.png 960w, https:\/\/www.toutsurfroment.fr\/VERSION4\/wp-content\/uploads\/2024\/01\/Haendel-1-300x200.png 300w, https:\/\/www.toutsurfroment.fr\/VERSION4\/wp-content\/uploads\/2024\/01\/Haendel-1-768x512.png 768w, https:\/\/www.toutsurfroment.fr\/VERSION4\/wp-content\/uploads\/2024\/01\/Haendel-1-272x182.png 272w\" sizes=\"auto, (max-width: 960px) 100vw, 960px\" \/><\/a>\t\t<\/div>\n\t\t\t\t\t\t\t\t<div class=\"wp-show-posts-entry-summary\" itemprop=\"text\">\n\t\t\t\t\t\t\t<p>Lucas Wilkosv, joue pour vous \u00e0 l&#8217;orgue de l&#8217;Eglise Saint Benoit la Sarabande de Haendel&#8230;<\/p>\n\t\t\t\t\t\t<\/div><!-- .entry-summary -->\n\t\t\t\t\t<\/div><!-- wp-show-posts-inner --><\/article><article class=\" wp-show-posts-single post-1292 post type-post status-publish format-standard has-post-thumbnail hentry category-audio wpsp-col-4\" itemtype=\"http:\/\/schema.org\/CreativeWork\" itemscope><div class=\"wp-show-posts-inner\" style=\"\">\t\t\t\t\t\t<header class=\"wp-show-posts-entry-header\">\n\t\t\t\t\t\t\t<h2 class=\"wp-show-posts-entry-title\" itemprop=\"headline\"><a href=\"https:\/\/www.toutsurfroment.fr\/VERSION4\/index.php\/2023\/12\/20\/culture-deux-cosmogonies\/\" rel=\"bookmark\">Culture : Deux Cosmogonies<\/a><\/h2><div class=\"wp-show-posts-entry-meta wp-show-posts-entry-meta-below-title post-meta-inline\"><span class=\"wp-show-posts-posted-on wp-show-posts-meta\">\n\t\t\t\t\t<a href=\"https:\/\/www.toutsurfroment.fr\/VERSION4\/index.php\/2023\/12\/20\/culture-deux-cosmogonies\/\" title=\"16h32\" rel=\"bookmark\"><time class=\"wp-show-posts-entry-date published\" datetime=\"2023-12-20T16:32:36+01:00\" itemprop=\"datePublished\">20 d\u00e9cembre 2023<\/time><time class=\"wp-show-posts-updated\" datetime=\"2023-12-20T16:53:12+01:00\" itemprop=\"dateModified\">20 d\u00e9cembre 2023<\/time><\/a>\n\t\t\t\t<\/span><\/div>\t\t\t\t\t\t<\/header><!-- .entry-header -->\n\t\t\t\t\t\t\t<div class=\"wp-show-posts-image  wpsp-image-center \">\n\t\t\t<a href=\"https:\/\/www.toutsurfroment.fr\/VERSION4\/index.php\/2023\/12\/20\/culture-deux-cosmogonies\/\"  title=\"Culture : Deux Cosmogonies\"><img loading=\"lazy\" decoding=\"async\" width=\"960\" height=\"640\" src=\"https:\/\/www.toutsurfroment.fr\/VERSION4\/wp-content\/uploads\/2023\/12\/Vignette-Cosmogonie.png\" class=\"attachment-full size-full wp-post-image\" alt=\"\" itemprop=\"image\" srcset=\"https:\/\/www.toutsurfroment.fr\/VERSION4\/wp-content\/uploads\/2023\/12\/Vignette-Cosmogonie.png 960w, https:\/\/www.toutsurfroment.fr\/VERSION4\/wp-content\/uploads\/2023\/12\/Vignette-Cosmogonie-300x200.png 300w, https:\/\/www.toutsurfroment.fr\/VERSION4\/wp-content\/uploads\/2023\/12\/Vignette-Cosmogonie-768x512.png 768w, https:\/\/www.toutsurfroment.fr\/VERSION4\/wp-content\/uploads\/2023\/12\/Vignette-Cosmogonie-272x182.png 272w\" sizes=\"auto, (max-width: 960px) 100vw, 960px\" \/><\/a>\t\t<\/div>\n\t\t\t\t\t\t\t\t<div class=\"wp-show-posts-entry-summary\" itemprop=\"text\">\n\t\t\t\t\t\t\t<p>Etude comparative de deux cosmogonies : LES COSMOGONIES LATINE ET CHINOISES par Marie-Lou, Tallya, Yaroslava<\/p>\n\t\t\t\t\t\t<\/div><!-- .entry-summary -->\n\t\t\t\t\t<\/div><!-- wp-show-posts-inner --><\/article><article class=\" wp-show-posts-single post-1275 post type-post status-publish format-standard has-post-thumbnail hentry category-audio wpsp-col-4\" itemtype=\"http:\/\/schema.org\/CreativeWork\" itemscope><div class=\"wp-show-posts-inner\" style=\"\">\t\t\t\t\t\t<header class=\"wp-show-posts-entry-header\">\n\t\t\t\t\t\t\t<h2 class=\"wp-show-posts-entry-title\" itemprop=\"headline\"><a href=\"https:\/\/www.toutsurfroment.fr\/VERSION4\/index.php\/2023\/12\/19\/apotheose-culture-classique\/\" rel=\"bookmark\">Apoth\u00e9ose : culture classique<\/a><\/h2><div class=\"wp-show-posts-entry-meta wp-show-posts-entry-meta-below-title post-meta-inline\"><span class=\"wp-show-posts-posted-on wp-show-posts-meta\">\n\t\t\t\t\t<a href=\"https:\/\/www.toutsurfroment.fr\/VERSION4\/index.php\/2023\/12\/19\/apotheose-culture-classique\/\" title=\"21h43\" rel=\"bookmark\"><time class=\"wp-show-posts-entry-date published\" datetime=\"2023-12-19T21:43:47+01:00\" itemprop=\"datePublished\">19 d\u00e9cembre 2023<\/time><time class=\"wp-show-posts-updated\" datetime=\"2023-12-20T17:00:15+01:00\" itemprop=\"dateModified\">20 d\u00e9cembre 2023<\/time><\/a>\n\t\t\t\t<\/span><\/div>\t\t\t\t\t\t<\/header><!-- .entry-header -->\n\t\t\t\t\t\t\t<div class=\"wp-show-posts-image  wpsp-image-center \">\n\t\t\t<a href=\"https:\/\/www.toutsurfroment.fr\/VERSION4\/index.php\/2023\/12\/19\/apotheose-culture-classique\/\"  title=\"Apoth\u00e9ose : culture classique\"><img loading=\"lazy\" decoding=\"async\" width=\"960\" height=\"640\" src=\"https:\/\/www.toutsurfroment.fr\/VERSION4\/wp-content\/uploads\/2023\/12\/Apotheose.png\" class=\"attachment-full size-full wp-post-image\" alt=\"\" itemprop=\"image\" srcset=\"https:\/\/www.toutsurfroment.fr\/VERSION4\/wp-content\/uploads\/2023\/12\/Apotheose.png 960w, https:\/\/www.toutsurfroment.fr\/VERSION4\/wp-content\/uploads\/2023\/12\/Apotheose-300x200.png 300w, https:\/\/www.toutsurfroment.fr\/VERSION4\/wp-content\/uploads\/2023\/12\/Apotheose-768x512.png 768w, https:\/\/www.toutsurfroment.fr\/VERSION4\/wp-content\/uploads\/2023\/12\/Apotheose-272x182.png 272w\" sizes=\"auto, (max-width: 960px) 100vw, 960px\" \/><\/a>\t\t<\/div>\n\t\t\t\t\t\t\t\t<div class=\"wp-show-posts-entry-summary\" itemprop=\"text\">\n\t\t\t\t\t\t\t<p>L\u2019apoth\u00e9ose , du grec ancien \u1f00\u03c0\u03bf\u03b8\u03ad\u03c9\u03c3\u03b9\u03c2 ,apo: \u201cprovient de\u201d et de theosis : \u201cdieu\u201d, se d\u00e9finit comme l\u2019\u00e9l\u00e9vation d&#8217;un individu au rand de Dieu.<\/p>\n\t\t\t\t\t\t<\/div><!-- .entry-summary -->\n\t\t\t\t\t<\/div><!-- wp-show-posts-inner --><\/article><article class=\" wp-show-posts-single post-1188 post type-post status-publish format-standard has-post-thumbnail hentry category-audio category-blog category-radio wpsp-col-4\" itemtype=\"http:\/\/schema.org\/CreativeWork\" itemscope><div class=\"wp-show-posts-inner\" style=\"\">\t\t\t\t\t\t<header class=\"wp-show-posts-entry-header\">\n\t\t\t\t\t\t\t<h2 class=\"wp-show-posts-entry-title\" itemprop=\"headline\"><a href=\"https:\/\/www.toutsurfroment.fr\/VERSION4\/index.php\/2023\/12\/18\/la-schola-cantarel-par-natanael\/\" rel=\"bookmark\">la Schola Cantharel par Natanael<\/a><\/h2><div class=\"wp-show-posts-entry-meta wp-show-posts-entry-meta-below-title post-meta-inline\"><span class=\"wp-show-posts-posted-on wp-show-posts-meta\">\n\t\t\t\t\t<a href=\"https:\/\/www.toutsurfroment.fr\/VERSION4\/index.php\/2023\/12\/18\/la-schola-cantarel-par-natanael\/\" title=\"20h05\" rel=\"bookmark\"><time class=\"wp-show-posts-entry-date published\" datetime=\"2023-12-18T20:05:59+01:00\" itemprop=\"datePublished\">18 d\u00e9cembre 2023<\/time><time class=\"wp-show-posts-updated\" datetime=\"2023-12-20T17:07:08+01:00\" itemprop=\"dateModified\">20 d\u00e9cembre 2023<\/time><\/a>\n\t\t\t\t<\/span><\/div>\t\t\t\t\t\t<\/header><!-- .entry-header -->\n\t\t\t\t\t\t\t<div class=\"wp-show-posts-image  wpsp-image-center \">\n\t\t\t<a href=\"https:\/\/www.toutsurfroment.fr\/VERSION4\/index.php\/2023\/12\/18\/la-schola-cantarel-par-natanael\/\"  title=\"la Schola Cantharel par Natanael\"><img loading=\"lazy\" decoding=\"async\" width=\"960\" height=\"640\" src=\"https:\/\/www.toutsurfroment.fr\/VERSION4\/wp-content\/uploads\/2023\/12\/Chorale.png\" class=\"attachment-full size-full wp-post-image\" alt=\"\" itemprop=\"image\" srcset=\"https:\/\/www.toutsurfroment.fr\/VERSION4\/wp-content\/uploads\/2023\/12\/Chorale.png 960w, https:\/\/www.toutsurfroment.fr\/VERSION4\/wp-content\/uploads\/2023\/12\/Chorale-300x200.png 300w, https:\/\/www.toutsurfroment.fr\/VERSION4\/wp-content\/uploads\/2023\/12\/Chorale-768x512.png 768w, https:\/\/www.toutsurfroment.fr\/VERSION4\/wp-content\/uploads\/2023\/12\/Chorale-272x182.png 272w\" sizes=\"auto, (max-width: 960px) 100vw, 960px\" \/><\/a>\t\t<\/div>\n\t\t\t\t\t\t\t\t<div class=\"wp-show-posts-entry-summary\" itemprop=\"text\">\n\t\t\t\t\t\t\t<p>Natanael vous parle de la Schola Cantharel, une chorale de Lablach\u00e8re. Un leu d&#8217;art et d&#8217;expression, mais beaucoup plus encore&#8230; BONNE ECOUTE ! Le lien vers la Schola Cantarel :&#8230;<\/p>\n\t\t\t\t\t\t<\/div><!-- .entry-summary -->\n\t\t\t\t\t<\/div><!-- wp-show-posts-inner --><\/article><div class=\"wpsp-clear\"><\/div><\/section><!-- .wp-show-posts -->\n","protected":false},"excerpt":{"rendered":"","protected":false},"author":1,"featured_media":0,"parent":0,"menu_order":0,"comment_status":"closed","ping_status":"closed","template":"","meta":{"footnotes":""},"class_list":["post-942","page","type-page","status-publish","hentry"],"yoast_head":"<!-- This site is optimized with the Yoast SEO plugin v24.5 - https:\/\/yoast.com\/wordpress\/plugins\/seo\/ -->\n<title>Radio - TSF<\/title>\n<meta name=\"robots\" content=\"index, follow, max-snippet:-1, max-image-preview:large, max-video-preview:-1\" \/>\n<link rel=\"canonical\" href=\"https:\/\/www.toutsurfroment.fr\/VERSION4\/index.php\/radio\/\" \/>\n<meta property=\"og:locale\" content=\"fr_FR\" \/>\n<meta property=\"og:type\" content=\"article\" \/>\n<meta property=\"og:title\" content=\"Radio - TSF\" \/>\n<meta property=\"og:url\" content=\"https:\/\/www.toutsurfroment.fr\/VERSION4\/index.php\/radio\/\" \/>\n<meta property=\"og:site_name\" content=\"TSF\" \/>\n<meta property=\"article:publisher\" content=\"https:\/\/www.facebook.com\/profile.php?id=100087797830804\" \/>\n<meta property=\"article:modified_time\" content=\"2023-12-19T17:06:08+00:00\" \/>\n<meta property=\"og:image\" content=\"https:\/\/www.toutsurfroment.fr\/VERSION4\/wp-content\/uploads\/2023\/10\/image_2023-10-31_160700038.png\" \/>\n<meta name=\"twitter:card\" content=\"summary_large_image\" \/>\n<script type=\"application\/ld+json\" class=\"yoast-schema-graph\">{\"@context\":\"https:\/\/schema.org\",\"@graph\":[{\"@type\":\"WebPage\",\"@id\":\"https:\/\/www.toutsurfroment.fr\/VERSION4\/index.php\/radio\/\",\"url\":\"https:\/\/www.toutsurfroment.fr\/VERSION4\/index.php\/radio\/\",\"name\":\"Radio - TSF\",\"isPartOf\":{\"@id\":\"https:\/\/www.toutsurfroment.fr\/VERSION4\/#website\"},\"primaryImageOfPage\":{\"@id\":\"https:\/\/www.toutsurfroment.fr\/VERSION4\/index.php\/radio\/#primaryimage\"},\"image\":{\"@id\":\"https:\/\/www.toutsurfroment.fr\/VERSION4\/index.php\/radio\/#primaryimage\"},\"thumbnailUrl\":\"https:\/\/www.toutsurfroment.fr\/VERSION4\/wp-content\/uploads\/2023\/10\/image_2023-10-31_160700038.png\",\"datePublished\":\"2023-10-31T15:17:31+00:00\",\"dateModified\":\"2023-12-19T17:06:08+00:00\",\"breadcrumb\":{\"@id\":\"https:\/\/www.toutsurfroment.fr\/VERSION4\/index.php\/radio\/#breadcrumb\"},\"inLanguage\":\"fr-FR\",\"potentialAction\":[{\"@type\":\"ReadAction\",\"target\":[\"https:\/\/www.toutsurfroment.fr\/VERSION4\/index.php\/radio\/\"]}]},{\"@type\":\"ImageObject\",\"inLanguage\":\"fr-FR\",\"@id\":\"https:\/\/www.toutsurfroment.fr\/VERSION4\/index.php\/radio\/#primaryimage\",\"url\":\"https:\/\/www.toutsurfroment.fr\/VERSION4\/wp-content\/uploads\/2023\/10\/image_2023-10-31_160700038.png\",\"contentUrl\":\"https:\/\/www.toutsurfroment.fr\/VERSION4\/wp-content\/uploads\/2023\/10\/image_2023-10-31_160700038.png\",\"width\":315,\"height\":274},{\"@type\":\"BreadcrumbList\",\"@id\":\"https:\/\/www.toutsurfroment.fr\/VERSION4\/index.php\/radio\/#breadcrumb\",\"itemListElement\":[{\"@type\":\"ListItem\",\"position\":1,\"name\":\"Accueil\",\"item\":\"https:\/\/www.toutsurfroment.fr\/VERSION4\/\"},{\"@type\":\"ListItem\",\"position\":2,\"name\":\"Radio\"}]},{\"@type\":\"WebSite\",\"@id\":\"https:\/\/www.toutsurfroment.fr\/VERSION4\/#website\",\"url\":\"https:\/\/www.toutsurfroment.fr\/VERSION4\/\",\"name\":\"TSF\",\"description\":\"Les m\u00e9dias du lyc\u00e9e Jules Froment\",\"publisher\":{\"@id\":\"https:\/\/www.toutsurfroment.fr\/VERSION4\/#organization\"},\"potentialAction\":[{\"@type\":\"SearchAction\",\"target\":{\"@type\":\"EntryPoint\",\"urlTemplate\":\"https:\/\/www.toutsurfroment.fr\/VERSION4\/?s={search_term_string}\"},\"query-input\":{\"@type\":\"PropertyValueSpecification\",\"valueRequired\":true,\"valueName\":\"search_term_string\"}}],\"inLanguage\":\"fr-FR\"},{\"@type\":\"Organization\",\"@id\":\"https:\/\/www.toutsurfroment.fr\/VERSION4\/#organization\",\"name\":\"TSF\",\"alternateName\":\"Tout Sur Froment\",\"url\":\"https:\/\/www.toutsurfroment.fr\/VERSION4\/\",\"logo\":{\"@type\":\"ImageObject\",\"inLanguage\":\"fr-FR\",\"@id\":\"https:\/\/www.toutsurfroment.fr\/VERSION4\/#\/schema\/logo\/image\/\",\"url\":\"https:\/\/www.toutsurfroment.fr\/VERSION4\/wp-content\/uploads\/2023\/10\/cropped-TresPetit.jpg\",\"contentUrl\":\"https:\/\/www.toutsurfroment.fr\/VERSION4\/wp-content\/uploads\/2023\/10\/cropped-TresPetit.jpg\",\"width\":60,\"height\":60,\"caption\":\"TSF\"},\"image\":{\"@id\":\"https:\/\/www.toutsurfroment.fr\/VERSION4\/#\/schema\/logo\/image\/\"},\"sameAs\":[\"https:\/\/www.facebook.com\/profile.php?id=100087797830804\"]}]}<\/script>\n<!-- \/ Yoast SEO plugin. -->","yoast_head_json":{"title":"Radio - TSF","robots":{"index":"index","follow":"follow","max-snippet":"max-snippet:-1","max-image-preview":"max-image-preview:large","max-video-preview":"max-video-preview:-1"},"canonical":"https:\/\/www.toutsurfroment.fr\/VERSION4\/index.php\/radio\/","og_locale":"fr_FR","og_type":"article","og_title":"Radio - TSF","og_url":"https:\/\/www.toutsurfroment.fr\/VERSION4\/index.php\/radio\/","og_site_name":"TSF","article_publisher":"https:\/\/www.facebook.com\/profile.php?id=100087797830804","article_modified_time":"2023-12-19T17:06:08+00:00","og_image":[{"url":"https:\/\/www.toutsurfroment.fr\/VERSION4\/wp-content\/uploads\/2023\/10\/image_2023-10-31_160700038.png","type":"","width":"","height":""}],"twitter_card":"summary_large_image","schema":{"@context":"https:\/\/schema.org","@graph":[{"@type":"WebPage","@id":"https:\/\/www.toutsurfroment.fr\/VERSION4\/index.php\/radio\/","url":"https:\/\/www.toutsurfroment.fr\/VERSION4\/index.php\/radio\/","name":"Radio - TSF","isPartOf":{"@id":"https:\/\/www.toutsurfroment.fr\/VERSION4\/#website"},"primaryImageOfPage":{"@id":"https:\/\/www.toutsurfroment.fr\/VERSION4\/index.php\/radio\/#primaryimage"},"image":{"@id":"https:\/\/www.toutsurfroment.fr\/VERSION4\/index.php\/radio\/#primaryimage"},"thumbnailUrl":"https:\/\/www.toutsurfroment.fr\/VERSION4\/wp-content\/uploads\/2023\/10\/image_2023-10-31_160700038.png","datePublished":"2023-10-31T15:17:31+00:00","dateModified":"2023-12-19T17:06:08+00:00","breadcrumb":{"@id":"https:\/\/www.toutsurfroment.fr\/VERSION4\/index.php\/radio\/#breadcrumb"},"inLanguage":"fr-FR","potentialAction":[{"@type":"ReadAction","target":["https:\/\/www.toutsurfroment.fr\/VERSION4\/index.php\/radio\/"]}]},{"@type":"ImageObject","inLanguage":"fr-FR","@id":"https:\/\/www.toutsurfroment.fr\/VERSION4\/index.php\/radio\/#primaryimage","url":"https:\/\/www.toutsurfroment.fr\/VERSION4\/wp-content\/uploads\/2023\/10\/image_2023-10-31_160700038.png","contentUrl":"https:\/\/www.toutsurfroment.fr\/VERSION4\/wp-content\/uploads\/2023\/10\/image_2023-10-31_160700038.png","width":315,"height":274},{"@type":"BreadcrumbList","@id":"https:\/\/www.toutsurfroment.fr\/VERSION4\/index.php\/radio\/#breadcrumb","itemListElement":[{"@type":"ListItem","position":1,"name":"Accueil","item":"https:\/\/www.toutsurfroment.fr\/VERSION4\/"},{"@type":"ListItem","position":2,"name":"Radio"}]},{"@type":"WebSite","@id":"https:\/\/www.toutsurfroment.fr\/VERSION4\/#website","url":"https:\/\/www.toutsurfroment.fr\/VERSION4\/","name":"TSF","description":"Les m\u00e9dias du lyc\u00e9e Jules Froment","publisher":{"@id":"https:\/\/www.toutsurfroment.fr\/VERSION4\/#organization"},"potentialAction":[{"@type":"SearchAction","target":{"@type":"EntryPoint","urlTemplate":"https:\/\/www.toutsurfroment.fr\/VERSION4\/?s={search_term_string}"},"query-input":{"@type":"PropertyValueSpecification","valueRequired":true,"valueName":"search_term_string"}}],"inLanguage":"fr-FR"},{"@type":"Organization","@id":"https:\/\/www.toutsurfroment.fr\/VERSION4\/#organization","name":"TSF","alternateName":"Tout Sur Froment","url":"https:\/\/www.toutsurfroment.fr\/VERSION4\/","logo":{"@type":"ImageObject","inLanguage":"fr-FR","@id":"https:\/\/www.toutsurfroment.fr\/VERSION4\/#\/schema\/logo\/image\/","url":"https:\/\/www.toutsurfroment.fr\/VERSION4\/wp-content\/uploads\/2023\/10\/cropped-TresPetit.jpg","contentUrl":"https:\/\/www.toutsurfroment.fr\/VERSION4\/wp-content\/uploads\/2023\/10\/cropped-TresPetit.jpg","width":60,"height":60,"caption":"TSF"},"image":{"@id":"https:\/\/www.toutsurfroment.fr\/VERSION4\/#\/schema\/logo\/image\/"},"sameAs":["https:\/\/www.facebook.com\/profile.php?id=100087797830804"]}]}},"_links":{"self":[{"href":"https:\/\/www.toutsurfroment.fr\/VERSION4\/index.php\/wp-json\/wp\/v2\/pages\/942","targetHints":{"allow":["GET"]}}],"collection":[{"href":"https:\/\/www.toutsurfroment.fr\/VERSION4\/index.php\/wp-json\/wp\/v2\/pages"}],"about":[{"href":"https:\/\/www.toutsurfroment.fr\/VERSION4\/index.php\/wp-json\/wp\/v2\/types\/page"}],"author":[{"embeddable":true,"href":"https:\/\/www.toutsurfroment.fr\/VERSION4\/index.php\/wp-json\/wp\/v2\/users\/1"}],"replies":[{"embeddable":true,"href":"https:\/\/www.toutsurfroment.fr\/VERSION4\/index.php\/wp-json\/wp\/v2\/comments?post=942"}],"version-history":[{"count":6,"href":"https:\/\/www.toutsurfroment.fr\/VERSION4\/index.php\/wp-json\/wp\/v2\/pages\/942\/revisions"}],"predecessor-version":[{"id":1237,"href":"https:\/\/www.toutsurfroment.fr\/VERSION4\/index.php\/wp-json\/wp\/v2\/pages\/942\/revisions\/1237"}],"wp:attachment":[{"href":"https:\/\/www.toutsurfroment.fr\/VERSION4\/index.php\/wp-json\/wp\/v2\/media?parent=942"}],"curies":[{"name":"wp","href":"https:\/\/api.w.org\/{rel}","templated":true}]}}