
{"id":953,"date":"2023-10-31T17:05:43","date_gmt":"2023-10-31T16:05:43","guid":{"rendered":"https:\/\/www.toutsurfroment.fr\/VERSION4\/?page_id=953"},"modified":"2024-02-12T18:28:43","modified_gmt":"2024-02-12T17:28:43","slug":"ecrits","status":"publish","type":"page","link":"https:\/\/www.toutsurfroment.fr\/VERSION4\/index.php\/ecrits\/","title":{"rendered":"Ecrits"},"content":{"rendered":"<div id=\"pl-gb953-6a031ababff06\"  class=\"panel-layout\" ><div id=\"pg-gb953-6a031ababff06-0\"  class=\"panel-grid panel-no-style\" ><div id=\"pgc-gb953-6a031ababff06-0-0\"  class=\"panel-grid-cell\" ><div id=\"panel-gb953-6a031ababff06-0-0-0\" class=\"so-panel widget widget_sow-image panel-first-child panel-last-child\" data-index=\"0\" ><div\n\t\t\t\n\t\t\tclass=\"so-widget-sow-image so-widget-sow-image-default-8b5b6f678277-953\"\n\t\t\t\n\t\t>\n<div class=\"sow-image-container\">\n\t\t<img loading=\"lazy\" decoding=\"async\" src=\"https:\/\/www.toutsurfroment.fr\/VERSION4\/wp-content\/uploads\/2023\/10\/Machine-a-Ecrire.png\" width=\"978\" height=\"775\" srcset=\"https:\/\/www.toutsurfroment.fr\/VERSION4\/wp-content\/uploads\/2023\/10\/Machine-a-Ecrire.png 978w, https:\/\/www.toutsurfroment.fr\/VERSION4\/wp-content\/uploads\/2023\/10\/Machine-a-Ecrire-300x238.png 300w, https:\/\/www.toutsurfroment.fr\/VERSION4\/wp-content\/uploads\/2023\/10\/Machine-a-Ecrire-768x609.png 768w\" sizes=\"auto, (max-width: 978px) 100vw, 978px\" alt=\"\" \t\tclass=\"so-widget-image\"\/>\n\t<\/div>\n\n<\/div><\/div><\/div><div id=\"pgc-gb953-6a031ababff06-0-1\"  class=\"panel-grid-cell\" ><div id=\"panel-gb953-6a031ababff06-0-1-0\" class=\"so-panel widget widget_sow-editor panel-first-child panel-last-child\" data-index=\"1\" ><div\n\t\t\t\n\t\t\tclass=\"so-widget-sow-editor so-widget-sow-editor-base\"\n\t\t\t\n\t\t><h3 class=\"widget-title\">Ecrivains en herbe, futurs journalistes, po\u00e8tes&#8230;<\/h3>\n<div class=\"siteorigin-widget-tinymce textwidget\">\n\t<p>Un conte, une nouvelle, une cause \u00e0 d\u00e9fendre ou besoin de po\u00e9sie ? Cette page est un lieu d\u2019expressions pour les \u00e9l\u00e8ves de Jules Froment. Nous vous souhaitons\u2026<\/p>\n<p class=\"has-text-align-right\"><strong>\u2026une bonne lecture !<\/strong><\/p>\n<\/div>\n<\/div><\/div><\/div><\/div><\/div>\n\n<style>.wp-show-posts-columns#wpsp-1613 {margin-left: -2em; }.wp-show-posts-columns#wpsp-1613 .wp-show-posts-inner {margin: 0 0 2em 2em; }<\/style><section id=\"wpsp-1613\" class=\" wp-show-posts-columns wp-show-posts\" style=\"\"><article class=\" wp-show-posts-single post-2064 post type-post status-publish format-standard has-post-thumbnail hentry category-a-la-une category-ecrits category-non-classe wpsp-col-6\" itemtype=\"http:\/\/schema.org\/CreativeWork\" itemscope><div class=\"wp-show-posts-inner\" style=\"\">\t\t\t\t\t\t<header class=\"wp-show-posts-entry-header\">\n\t\t\t\t\t\t\t<h2 class=\"wp-show-posts-entry-title\" itemprop=\"headline\"><a href=\"https:\/\/www.toutsurfroment.fr\/VERSION4\/index.php\/2025\/04\/10\/pour-un-oui-ou-pour-un-non-quand-labsurde-sinvite-a-jules-froment\/\" rel=\"bookmark\">\u00ab\u00a0Pour un oui ou pour un non\u00a0\u00bb : quand l\u2019absurde s\u2019invite \u00e0 Jules Froment<\/a><\/h2><div class=\"wp-show-posts-entry-meta wp-show-posts-entry-meta-below-title post-meta-inline\"><span class=\"wp-show-posts-posted-on wp-show-posts-meta\">\n\t\t\t\t\t<a href=\"https:\/\/www.toutsurfroment.fr\/VERSION4\/index.php\/2025\/04\/10\/pour-un-oui-ou-pour-un-non-quand-labsurde-sinvite-a-jules-froment\/\" title=\"9h11\" rel=\"bookmark\"><time class=\"wp-show-posts-entry-date published\" datetime=\"2025-04-10T09:11:45+02:00\" itemprop=\"datePublished\">10 avril 2025<\/time><time class=\"wp-show-posts-updated\" datetime=\"2025-04-10T11:59:32+02:00\" itemprop=\"dateModified\">10 avril 2025<\/time><\/a>\n\t\t\t\t<\/span><\/div>\t\t\t\t\t\t<\/header><!-- .entry-header -->\n\t\t\t\t\t\t\t<div class=\"wp-show-posts-image  wpsp-image-center \">\n\t\t\t<a href=\"https:\/\/www.toutsurfroment.fr\/VERSION4\/index.php\/2025\/04\/10\/pour-un-oui-ou-pour-un-non-quand-labsurde-sinvite-a-jules-froment\/\"  title=\"\u00ab\u00a0Pour un oui ou pour un non\u00a0\u00bb : quand l\u2019absurde s\u2019invite \u00e0 Jules Froment\"><img loading=\"lazy\" decoding=\"async\" width=\"960\" height=\"640\" src=\"https:\/\/www.toutsurfroment.fr\/VERSION4\/wp-content\/uploads\/2025\/04\/Vignette.png\" class=\"attachment-full size-full wp-post-image\" alt=\"\" itemprop=\"image\" srcset=\"https:\/\/www.toutsurfroment.fr\/VERSION4\/wp-content\/uploads\/2025\/04\/Vignette.png 960w, https:\/\/www.toutsurfroment.fr\/VERSION4\/wp-content\/uploads\/2025\/04\/Vignette-300x200.png 300w, https:\/\/www.toutsurfroment.fr\/VERSION4\/wp-content\/uploads\/2025\/04\/Vignette-768x512.png 768w, https:\/\/www.toutsurfroment.fr\/VERSION4\/wp-content\/uploads\/2025\/04\/Vignette-272x182.png 272w\" sizes=\"auto, (max-width: 960px) 100vw, 960px\" \/><\/a>\t\t<\/div>\n\t\t\t\t\t\t\t\t<div class=\"wp-show-posts-entry-summary\" itemprop=\"text\">\n\t\t\t\t\t\t\t<p>Andy Degas, \u00e9l\u00e8ve de premi\u00e8re : Quand l\u2019absurde s\u2019invite \u00e0 Jules Froment&#8230;<\/p>\n\t\t\t\t\t\t<\/div><!-- .entry-summary -->\n\t\t\t\t\t<\/div><!-- wp-show-posts-inner --><\/article><article class=\" wp-show-posts-single post-2047 post type-post status-publish format-standard has-post-thumbnail hentry category-ecrits category-video wpsp-col-6\" itemtype=\"http:\/\/schema.org\/CreativeWork\" itemscope><div class=\"wp-show-posts-inner\" style=\"\">\t\t\t\t\t\t<header class=\"wp-show-posts-entry-header\">\n\t\t\t\t\t\t\t<h2 class=\"wp-show-posts-entry-title\" itemprop=\"headline\"><a href=\"https:\/\/www.toutsurfroment.fr\/VERSION4\/index.php\/2025\/04\/08\/vous-avez-dit-eco-delegues\/\" rel=\"bookmark\">Vous avez dit \u00e9co d\u00e9l\u00e9gu\u00e9s ?<\/a><\/h2><div class=\"wp-show-posts-entry-meta wp-show-posts-entry-meta-below-title post-meta-inline\"><span class=\"wp-show-posts-posted-on wp-show-posts-meta\">\n\t\t\t\t\t<a href=\"https:\/\/www.toutsurfroment.fr\/VERSION4\/index.php\/2025\/04\/08\/vous-avez-dit-eco-delegues\/\" title=\"19h37\" rel=\"bookmark\"><time class=\"wp-show-posts-entry-date published\" datetime=\"2025-04-08T19:37:38+02:00\" itemprop=\"datePublished\">8 avril 2025<\/time><time class=\"wp-show-posts-updated\" datetime=\"2025-04-08T21:01:22+02:00\" itemprop=\"dateModified\">8 avril 2025<\/time><\/a>\n\t\t\t\t<\/span><\/div>\t\t\t\t\t\t<\/header><!-- .entry-header -->\n\t\t\t\t\t\t\t<div class=\"wp-show-posts-image  wpsp-image-center \">\n\t\t\t<a href=\"https:\/\/www.toutsurfroment.fr\/VERSION4\/index.php\/2025\/04\/08\/vous-avez-dit-eco-delegues\/\"  title=\"Vous avez dit \u00e9co d\u00e9l\u00e9gu\u00e9s ?\"><img loading=\"lazy\" decoding=\"async\" width=\"960\" height=\"640\" src=\"https:\/\/www.toutsurfroment.fr\/VERSION4\/wp-content\/uploads\/2025\/04\/Eco-delegues-Verdir.png\" class=\"attachment-full size-full wp-post-image\" alt=\"\" itemprop=\"image\" srcset=\"https:\/\/www.toutsurfroment.fr\/VERSION4\/wp-content\/uploads\/2025\/04\/Eco-delegues-Verdir.png 960w, https:\/\/www.toutsurfroment.fr\/VERSION4\/wp-content\/uploads\/2025\/04\/Eco-delegues-Verdir-300x200.png 300w, https:\/\/www.toutsurfroment.fr\/VERSION4\/wp-content\/uploads\/2025\/04\/Eco-delegues-Verdir-768x512.png 768w, https:\/\/www.toutsurfroment.fr\/VERSION4\/wp-content\/uploads\/2025\/04\/Eco-delegues-Verdir-272x182.png 272w\" sizes=\"auto, (max-width: 960px) 100vw, 960px\" \/><\/a>\t\t<\/div>\n\t\t\t\t\t\t\t\t<div class=\"wp-show-posts-entry-summary\" itemprop=\"text\">\n\t\t\t\t\t\t\t<p>Deux \u00e9l\u00e8ves du lyc\u00e9e vous pr\u00e9sentent les \u00e9co d\u00e9l\u00e9gu\u00e9s en mots et vid\u00e9o<\/p>\n\t\t\t\t\t\t<\/div><!-- .entry-summary -->\n\t\t\t\t\t<\/div><!-- wp-show-posts-inner --><\/article><article class=\" wp-show-posts-single post-1825 post type-post status-publish format-standard has-post-thumbnail hentry category-a-la-une category-ecrits wpsp-col-6\" itemtype=\"http:\/\/schema.org\/CreativeWork\" itemscope><div class=\"wp-show-posts-inner\" style=\"\">\t\t\t\t\t\t<header class=\"wp-show-posts-entry-header\">\n\t\t\t\t\t\t\t<h2 class=\"wp-show-posts-entry-title\" itemprop=\"headline\"><a href=\"https:\/\/www.toutsurfroment.fr\/VERSION4\/index.php\/2024\/06\/03\/portfolio-veneralia\/\" rel=\"bookmark\">PORTFOLIO : Veneralia<\/a><\/h2><div class=\"wp-show-posts-entry-meta wp-show-posts-entry-meta-below-title post-meta-inline\"><span class=\"wp-show-posts-posted-on wp-show-posts-meta\">\n\t\t\t\t\t<a href=\"https:\/\/www.toutsurfroment.fr\/VERSION4\/index.php\/2024\/06\/03\/portfolio-veneralia\/\" title=\"20h08\" rel=\"bookmark\"><time class=\"wp-show-posts-entry-date published\" datetime=\"2024-06-03T20:08:44+02:00\" itemprop=\"datePublished\">3 juin 2024<\/time><time class=\"wp-show-posts-updated\" datetime=\"2024-06-03T20:16:10+02:00\" itemprop=\"dateModified\">3 juin 2024<\/time><\/a>\n\t\t\t\t<\/span><\/div>\t\t\t\t\t\t<\/header><!-- .entry-header -->\n\t\t\t\t\t\t\t<div class=\"wp-show-posts-image  wpsp-image-center \">\n\t\t\t<a href=\"https:\/\/www.toutsurfroment.fr\/VERSION4\/index.php\/2024\/06\/03\/portfolio-veneralia\/\"  title=\"PORTFOLIO : Veneralia\"><img loading=\"lazy\" decoding=\"async\" width=\"960\" height=\"640\" src=\"https:\/\/www.toutsurfroment.fr\/VERSION4\/wp-content\/uploads\/2024\/06\/Ceneralia.png\" class=\"attachment-full size-full wp-post-image\" alt=\"\" itemprop=\"image\" srcset=\"https:\/\/www.toutsurfroment.fr\/VERSION4\/wp-content\/uploads\/2024\/06\/Ceneralia.png 960w, https:\/\/www.toutsurfroment.fr\/VERSION4\/wp-content\/uploads\/2024\/06\/Ceneralia-300x200.png 300w, https:\/\/www.toutsurfroment.fr\/VERSION4\/wp-content\/uploads\/2024\/06\/Ceneralia-768x512.png 768w, https:\/\/www.toutsurfroment.fr\/VERSION4\/wp-content\/uploads\/2024\/06\/Ceneralia-272x182.png 272w\" sizes=\"auto, (max-width: 960px) 100vw, 960px\" \/><\/a>\t\t<\/div>\n\t\t\t\t\t\t\t\t<div class=\"wp-show-posts-entry-summary\" itemprop=\"text\">\n\t\t\t\t\t\t\t<p>VENERALIA : des origines antiques de la c\u00e9l\u00e9bration des femmes par  Romane et Mala\u00efka<\/p>\n\t\t\t\t\t\t<\/div><!-- .entry-summary -->\n\t\t\t\t\t<\/div><!-- wp-show-posts-inner --><\/article><article class=\" wp-show-posts-single post-1603 post type-post status-publish format-standard has-post-thumbnail hentry category-ecrits wpsp-col-6\" itemtype=\"http:\/\/schema.org\/CreativeWork\" itemscope><div class=\"wp-show-posts-inner\" style=\"\">\t\t\t\t\t\t<header class=\"wp-show-posts-entry-header\">\n\t\t\t\t\t\t\t<h2 class=\"wp-show-posts-entry-title\" itemprop=\"headline\"><a href=\"https:\/\/www.toutsurfroment.fr\/VERSION4\/index.php\/2024\/02\/12\/le-culte-de-la-personnalite-dauguste-a-pedro-sanchez\/\" rel=\"bookmark\">Le culte de la personnalit\u00e9 d&#8217;Auguste \u00e0 Pedro S\u00e1nchez<\/a><\/h2><div class=\"wp-show-posts-entry-meta wp-show-posts-entry-meta-below-title post-meta-inline\"><span class=\"wp-show-posts-posted-on wp-show-posts-meta\">\n\t\t\t\t\t<a href=\"https:\/\/www.toutsurfroment.fr\/VERSION4\/index.php\/2024\/02\/12\/le-culte-de-la-personnalite-dauguste-a-pedro-sanchez\/\" title=\"18h15\" rel=\"bookmark\"><time class=\"wp-show-posts-entry-date published\" datetime=\"2024-02-12T18:15:00+01:00\" itemprop=\"datePublished\">12 f\u00e9vrier 2024<\/time><time class=\"wp-show-posts-updated\" datetime=\"2024-02-12T18:17:16+01:00\" itemprop=\"dateModified\">12 f\u00e9vrier 2024<\/time><\/a>\n\t\t\t\t<\/span><\/div>\t\t\t\t\t\t<\/header><!-- .entry-header -->\n\t\t\t\t\t\t\t<div class=\"wp-show-posts-image  wpsp-image-center \">\n\t\t\t<a href=\"https:\/\/www.toutsurfroment.fr\/VERSION4\/index.php\/2024\/02\/12\/le-culte-de-la-personnalite-dauguste-a-pedro-sanchez\/\"  title=\"Le culte de la personnalit\u00e9 d&#8217;Auguste \u00e0 Pedro S\u00e1nchez\"><img loading=\"lazy\" decoding=\"async\" width=\"960\" height=\"640\" src=\"https:\/\/www.toutsurfroment.fr\/VERSION4\/wp-content\/uploads\/2024\/02\/CADRE-1.png\" class=\"attachment-full size-full wp-post-image\" alt=\"\" itemprop=\"image\" srcset=\"https:\/\/www.toutsurfroment.fr\/VERSION4\/wp-content\/uploads\/2024\/02\/CADRE-1.png 960w, https:\/\/www.toutsurfroment.fr\/VERSION4\/wp-content\/uploads\/2024\/02\/CADRE-1-300x200.png 300w, https:\/\/www.toutsurfroment.fr\/VERSION4\/wp-content\/uploads\/2024\/02\/CADRE-1-768x512.png 768w, https:\/\/www.toutsurfroment.fr\/VERSION4\/wp-content\/uploads\/2024\/02\/CADRE-1-272x182.png 272w\" sizes=\"auto, (max-width: 960px) 100vw, 960px\" \/><\/a>\t\t<\/div>\n\t\t\t\t\t\t\t\t<div class=\"wp-show-posts-entry-summary\" itemprop=\"text\">\n\t\t\t\t\t\t\t<p>Une \u00e9tude comparative du culte de la personnalit\u00e9. Un in folio de Abla Bezzazi,<\/p>\n\t\t\t\t\t\t<\/div><!-- .entry-summary -->\n\t\t\t\t\t<\/div><!-- wp-show-posts-inner --><\/article><div class=\"wpsp-clear\"><\/div><\/section><!-- .wp-show-posts -->\n","protected":false},"excerpt":{"rendered":"","protected":false},"author":1,"featured_media":0,"parent":0,"menu_order":0,"comment_status":"closed","ping_status":"closed","template":"","meta":{"footnotes":""},"class_list":["post-953","page","type-page","status-publish","hentry"],"yoast_head":"<!-- This site is optimized with the Yoast SEO plugin v24.5 - https:\/\/yoast.com\/wordpress\/plugins\/seo\/ -->\n<title>Ecrits - TSF<\/title>\n<meta name=\"robots\" content=\"index, follow, max-snippet:-1, max-image-preview:large, max-video-preview:-1\" \/>\n<link rel=\"canonical\" href=\"https:\/\/www.toutsurfroment.fr\/VERSION4\/index.php\/ecrits\/\" \/>\n<meta property=\"og:locale\" content=\"fr_FR\" \/>\n<meta property=\"og:type\" content=\"article\" \/>\n<meta property=\"og:title\" content=\"Ecrits - TSF\" \/>\n<meta property=\"og:url\" content=\"https:\/\/www.toutsurfroment.fr\/VERSION4\/index.php\/ecrits\/\" \/>\n<meta property=\"og:site_name\" content=\"TSF\" \/>\n<meta property=\"article:publisher\" content=\"https:\/\/www.facebook.com\/profile.php?id=100087797830804\" \/>\n<meta property=\"article:modified_time\" content=\"2024-02-12T17:28:43+00:00\" \/>\n<meta property=\"og:image\" content=\"https:\/\/www.toutsurfroment.fr\/VERSION4\/wp-content\/uploads\/2023\/10\/Machine-a-Ecrire.png\" \/>\n<meta name=\"twitter:card\" content=\"summary_large_image\" \/>\n<meta name=\"twitter:label1\" content=\"Dur\u00e9e de lecture estim\u00e9e\" \/>\n\t<meta name=\"twitter:data1\" content=\"1 minute\" \/>\n<script type=\"application\/ld+json\" class=\"yoast-schema-graph\">{\"@context\":\"https:\/\/schema.org\",\"@graph\":[{\"@type\":\"WebPage\",\"@id\":\"https:\/\/www.toutsurfroment.fr\/VERSION4\/index.php\/ecrits\/\",\"url\":\"https:\/\/www.toutsurfroment.fr\/VERSION4\/index.php\/ecrits\/\",\"name\":\"Ecrits - TSF\",\"isPartOf\":{\"@id\":\"https:\/\/www.toutsurfroment.fr\/VERSION4\/#website\"},\"primaryImageOfPage\":{\"@id\":\"https:\/\/www.toutsurfroment.fr\/VERSION4\/index.php\/ecrits\/#primaryimage\"},\"image\":{\"@id\":\"https:\/\/www.toutsurfroment.fr\/VERSION4\/index.php\/ecrits\/#primaryimage\"},\"thumbnailUrl\":\"https:\/\/www.toutsurfroment.fr\/VERSION4\/wp-content\/uploads\/2023\/10\/Machine-a-Ecrire.png\",\"datePublished\":\"2023-10-31T16:05:43+00:00\",\"dateModified\":\"2024-02-12T17:28:43+00:00\",\"breadcrumb\":{\"@id\":\"https:\/\/www.toutsurfroment.fr\/VERSION4\/index.php\/ecrits\/#breadcrumb\"},\"inLanguage\":\"fr-FR\",\"potentialAction\":[{\"@type\":\"ReadAction\",\"target\":[\"https:\/\/www.toutsurfroment.fr\/VERSION4\/index.php\/ecrits\/\"]}]},{\"@type\":\"ImageObject\",\"inLanguage\":\"fr-FR\",\"@id\":\"https:\/\/www.toutsurfroment.fr\/VERSION4\/index.php\/ecrits\/#primaryimage\",\"url\":\"https:\/\/www.toutsurfroment.fr\/VERSION4\/wp-content\/uploads\/2023\/10\/Machine-a-Ecrire.png\",\"contentUrl\":\"https:\/\/www.toutsurfroment.fr\/VERSION4\/wp-content\/uploads\/2023\/10\/Machine-a-Ecrire.png\",\"width\":978,\"height\":775},{\"@type\":\"BreadcrumbList\",\"@id\":\"https:\/\/www.toutsurfroment.fr\/VERSION4\/index.php\/ecrits\/#breadcrumb\",\"itemListElement\":[{\"@type\":\"ListItem\",\"position\":1,\"name\":\"Accueil\",\"item\":\"https:\/\/www.toutsurfroment.fr\/VERSION4\/\"},{\"@type\":\"ListItem\",\"position\":2,\"name\":\"Ecrits\"}]},{\"@type\":\"WebSite\",\"@id\":\"https:\/\/www.toutsurfroment.fr\/VERSION4\/#website\",\"url\":\"https:\/\/www.toutsurfroment.fr\/VERSION4\/\",\"name\":\"TSF\",\"description\":\"Les m\u00e9dias du lyc\u00e9e Jules Froment\",\"publisher\":{\"@id\":\"https:\/\/www.toutsurfroment.fr\/VERSION4\/#organization\"},\"potentialAction\":[{\"@type\":\"SearchAction\",\"target\":{\"@type\":\"EntryPoint\",\"urlTemplate\":\"https:\/\/www.toutsurfroment.fr\/VERSION4\/?s={search_term_string}\"},\"query-input\":{\"@type\":\"PropertyValueSpecification\",\"valueRequired\":true,\"valueName\":\"search_term_string\"}}],\"inLanguage\":\"fr-FR\"},{\"@type\":\"Organization\",\"@id\":\"https:\/\/www.toutsurfroment.fr\/VERSION4\/#organization\",\"name\":\"TSF\",\"alternateName\":\"Tout Sur Froment\",\"url\":\"https:\/\/www.toutsurfroment.fr\/VERSION4\/\",\"logo\":{\"@type\":\"ImageObject\",\"inLanguage\":\"fr-FR\",\"@id\":\"https:\/\/www.toutsurfroment.fr\/VERSION4\/#\/schema\/logo\/image\/\",\"url\":\"https:\/\/www.toutsurfroment.fr\/VERSION4\/wp-content\/uploads\/2023\/10\/cropped-TresPetit.jpg\",\"contentUrl\":\"https:\/\/www.toutsurfroment.fr\/VERSION4\/wp-content\/uploads\/2023\/10\/cropped-TresPetit.jpg\",\"width\":60,\"height\":60,\"caption\":\"TSF\"},\"image\":{\"@id\":\"https:\/\/www.toutsurfroment.fr\/VERSION4\/#\/schema\/logo\/image\/\"},\"sameAs\":[\"https:\/\/www.facebook.com\/profile.php?id=100087797830804\"]}]}<\/script>\n<!-- \/ Yoast SEO plugin. -->","yoast_head_json":{"title":"Ecrits - TSF","robots":{"index":"index","follow":"follow","max-snippet":"max-snippet:-1","max-image-preview":"max-image-preview:large","max-video-preview":"max-video-preview:-1"},"canonical":"https:\/\/www.toutsurfroment.fr\/VERSION4\/index.php\/ecrits\/","og_locale":"fr_FR","og_type":"article","og_title":"Ecrits - TSF","og_url":"https:\/\/www.toutsurfroment.fr\/VERSION4\/index.php\/ecrits\/","og_site_name":"TSF","article_publisher":"https:\/\/www.facebook.com\/profile.php?id=100087797830804","article_modified_time":"2024-02-12T17:28:43+00:00","og_image":[{"url":"https:\/\/www.toutsurfroment.fr\/VERSION4\/wp-content\/uploads\/2023\/10\/Machine-a-Ecrire.png","type":"","width":"","height":""}],"twitter_card":"summary_large_image","twitter_misc":{"Dur\u00e9e de lecture estim\u00e9e":"1 minute"},"schema":{"@context":"https:\/\/schema.org","@graph":[{"@type":"WebPage","@id":"https:\/\/www.toutsurfroment.fr\/VERSION4\/index.php\/ecrits\/","url":"https:\/\/www.toutsurfroment.fr\/VERSION4\/index.php\/ecrits\/","name":"Ecrits - TSF","isPartOf":{"@id":"https:\/\/www.toutsurfroment.fr\/VERSION4\/#website"},"primaryImageOfPage":{"@id":"https:\/\/www.toutsurfroment.fr\/VERSION4\/index.php\/ecrits\/#primaryimage"},"image":{"@id":"https:\/\/www.toutsurfroment.fr\/VERSION4\/index.php\/ecrits\/#primaryimage"},"thumbnailUrl":"https:\/\/www.toutsurfroment.fr\/VERSION4\/wp-content\/uploads\/2023\/10\/Machine-a-Ecrire.png","datePublished":"2023-10-31T16:05:43+00:00","dateModified":"2024-02-12T17:28:43+00:00","breadcrumb":{"@id":"https:\/\/www.toutsurfroment.fr\/VERSION4\/index.php\/ecrits\/#breadcrumb"},"inLanguage":"fr-FR","potentialAction":[{"@type":"ReadAction","target":["https:\/\/www.toutsurfroment.fr\/VERSION4\/index.php\/ecrits\/"]}]},{"@type":"ImageObject","inLanguage":"fr-FR","@id":"https:\/\/www.toutsurfroment.fr\/VERSION4\/index.php\/ecrits\/#primaryimage","url":"https:\/\/www.toutsurfroment.fr\/VERSION4\/wp-content\/uploads\/2023\/10\/Machine-a-Ecrire.png","contentUrl":"https:\/\/www.toutsurfroment.fr\/VERSION4\/wp-content\/uploads\/2023\/10\/Machine-a-Ecrire.png","width":978,"height":775},{"@type":"BreadcrumbList","@id":"https:\/\/www.toutsurfroment.fr\/VERSION4\/index.php\/ecrits\/#breadcrumb","itemListElement":[{"@type":"ListItem","position":1,"name":"Accueil","item":"https:\/\/www.toutsurfroment.fr\/VERSION4\/"},{"@type":"ListItem","position":2,"name":"Ecrits"}]},{"@type":"WebSite","@id":"https:\/\/www.toutsurfroment.fr\/VERSION4\/#website","url":"https:\/\/www.toutsurfroment.fr\/VERSION4\/","name":"TSF","description":"Les m\u00e9dias du lyc\u00e9e Jules Froment","publisher":{"@id":"https:\/\/www.toutsurfroment.fr\/VERSION4\/#organization"},"potentialAction":[{"@type":"SearchAction","target":{"@type":"EntryPoint","urlTemplate":"https:\/\/www.toutsurfroment.fr\/VERSION4\/?s={search_term_string}"},"query-input":{"@type":"PropertyValueSpecification","valueRequired":true,"valueName":"search_term_string"}}],"inLanguage":"fr-FR"},{"@type":"Organization","@id":"https:\/\/www.toutsurfroment.fr\/VERSION4\/#organization","name":"TSF","alternateName":"Tout Sur Froment","url":"https:\/\/www.toutsurfroment.fr\/VERSION4\/","logo":{"@type":"ImageObject","inLanguage":"fr-FR","@id":"https:\/\/www.toutsurfroment.fr\/VERSION4\/#\/schema\/logo\/image\/","url":"https:\/\/www.toutsurfroment.fr\/VERSION4\/wp-content\/uploads\/2023\/10\/cropped-TresPetit.jpg","contentUrl":"https:\/\/www.toutsurfroment.fr\/VERSION4\/wp-content\/uploads\/2023\/10\/cropped-TresPetit.jpg","width":60,"height":60,"caption":"TSF"},"image":{"@id":"https:\/\/www.toutsurfroment.fr\/VERSION4\/#\/schema\/logo\/image\/"},"sameAs":["https:\/\/www.facebook.com\/profile.php?id=100087797830804"]}]}},"_links":{"self":[{"href":"https:\/\/www.toutsurfroment.fr\/VERSION4\/index.php\/wp-json\/wp\/v2\/pages\/953","targetHints":{"allow":["GET"]}}],"collection":[{"href":"https:\/\/www.toutsurfroment.fr\/VERSION4\/index.php\/wp-json\/wp\/v2\/pages"}],"about":[{"href":"https:\/\/www.toutsurfroment.fr\/VERSION4\/index.php\/wp-json\/wp\/v2\/types\/page"}],"author":[{"embeddable":true,"href":"https:\/\/www.toutsurfroment.fr\/VERSION4\/index.php\/wp-json\/wp\/v2\/users\/1"}],"replies":[{"embeddable":true,"href":"https:\/\/www.toutsurfroment.fr\/VERSION4\/index.php\/wp-json\/wp\/v2\/comments?post=953"}],"version-history":[{"count":6,"href":"https:\/\/www.toutsurfroment.fr\/VERSION4\/index.php\/wp-json\/wp\/v2\/pages\/953\/revisions"}],"predecessor-version":[{"id":1614,"href":"https:\/\/www.toutsurfroment.fr\/VERSION4\/index.php\/wp-json\/wp\/v2\/pages\/953\/revisions\/1614"}],"wp:attachment":[{"href":"https:\/\/www.toutsurfroment.fr\/VERSION4\/index.php\/wp-json\/wp\/v2\/media?parent=953"}],"curies":[{"name":"wp","href":"https:\/\/api.w.org\/{rel}","templated":true}]}}